{"id":5720,"date":"2011-07-22T11:02:01","date_gmt":"2011-07-22T11:02:01","guid":{"rendered":"http:\/\/socoolhostelporto.com\/about-site-2\/"},"modified":"2020-11-03T16:24:37","modified_gmt":"2020-11-03T16:24:37","slug":"a-propos-de-nous","status":"publish","type":"page","link":"https:\/\/socoolhostelporto.com\/fr\/a-propos-de-nous\/","title":{"rendered":"A propos de nous"},"content":{"rendered":"<div class=\"fusion-fullwidth fullwidth-box fusion-builder-row-1 fusion-flex-container nonhundred-percent-fullwidth non-hundred-percent-height-scrolling\" style=\"--awb-border-radius-top-left:0px;--awb-border-radius-top-right:0px;--awb-border-radius-bottom-right:0px;--awb-border-radius-bottom-left:0px;--awb-flex-wrap:wrap;\" ><div class=\"fusion-builder-row fusion-row fusion-flex-align-items-flex-start fusion-flex-content-wrap\" style=\"max-width:1248px;margin-left: calc(-4% \/ 2 );margin-right: calc(-4% \/ 2 );\"><div class=\"fusion-layout-column fusion_builder_column fusion-builder-column-0 fusion_builder_column_1_1 1_1 fusion-flex-column\" style=\"--awb-bg-size:cover;--awb-width-large:100%;--awb-margin-top-large:0px;--awb-spacing-right-large:1.92%;--awb-margin-bottom-large:20px;--awb-spacing-left-large:1.92%;--awb-width-medium:100%;--awb-order-medium:0;--awb-spacing-right-medium:1.92%;--awb-spacing-left-medium:1.92%;--awb-width-small:100%;--awb-order-small:0;--awb-spacing-right-small:1.92%;--awb-spacing-left-small:1.92%;\"><div class=\"fusion-column-wrapper fusion-column-has-shadow fusion-flex-justify-content-flex-start fusion-content-layout-column\"><div class=\"fusion-text fusion-text-1\"><h2>Bienvenue \u00e0 So Cool Hostel Porto, se sentir comme chez vous!<\/h2>\n<p>Le b\u00e2timent du Porto Hostel So Cool a \u00e9t\u00e9 construit avant 1890 et enti\u00e8rement restaur\u00e9 en 2013, et en collaboration avec notre personnel, nous avons cr\u00e9\u00e9 un environnement confortable, de sorte que nos clients se sentent chez eux. Vous pouvez choisir de s\u00e9journer dans l&rsquo;un des dortoirs de couchage confortables ou dans l&rsquo;une des chambres doubles.<\/p>\n<p>Vous pouvez \u00e9couter de la musique, regarder la TV \/ DVD, lire un livre ou tout simplement prendre un repos dans les espaces communs. Dans notre beau et grand jardin vous pourrez bronzer, se d\u00e9tendre et profiter de l&rsquo;un des excellents vins de notre cave. Dans notre cuisine, nous vous invitons \u00e0 pr\u00e9parer vos repas, et ne manquez pas nos d\u00eeners typiquement portugais.<\/p>\n<p>So Cool Hostel Porto est situ\u00e9 \u00e0 5 minutes (\u00e0 pied) de la Rotunda da Boavista (pr\u00e8s de Casa da M\u00fasica), 10 minutes (\u00e0 pied) de la vieille ville, o\u00f9 vous pouvez trouver le plus important centre culturel avec des galeries d&rsquo;art, th\u00e9\u00e2tres, restaurants , bars et discoth\u00e8ques. 10 min (bus) est le temps que vous prenez pour atteindre Serralves House, avec son mus\u00e9e d&rsquo;art contemporain, avec 5 minutes de plus du voyage, vous pouvez vous asseoir dans de grandes terrasses, admirer la mer et de manger un poisson savoureux.<\/p>\n<p>Ainsi, en raison de son emplacement, notre auberge est pr\u00e8s de tout, mais encore, loin de la zone bruyante de la ville. La situation centrale de la So Cool Hostel Porto vous permet d&rsquo;acc\u00e9der facilement au r\u00e9seau de transports publics, qui vous m\u00e8nera \u00e0 n&rsquo;importe o\u00f9 dans la ville et ses alentours ainsi d&rsquo;autres endroits de la belle Portugal! Si vous avez besoin d&rsquo;aide avec les directions, il suffit de demander \u00e0 notre personnel<\/p>\n<\/div><\/div><\/div><\/div><\/div>\n","protected":false},"excerpt":{"rendered":"","protected":false},"author":1,"featured_media":0,"parent":0,"menu_order":10,"comment_status":"closed","ping_status":"closed","template":"","meta":{"footnotes":""},"class_list":["post-5720","page","type-page","status-publish","hentry"],"yoast_head":"<!-- This site is optimized with the Yoast SEO plugin v27.2 - https:\/\/yoast.com\/product\/yoast-seo-wordpress\/ -->\n<title>A propos de nous - So Cool Hostel Porto<\/title>\n<meta name=\"robots\" content=\"index, follow, max-snippet:-1, max-image-preview:large, max-video-preview:-1\" \/>\n<link rel=\"canonical\" href=\"https:\/\/socoolhostelporto.com\/fr\/a-propos-de-nous\/\" \/>\n<meta property=\"og:locale\" content=\"fr_FR\" \/>\n<meta property=\"og:type\" content=\"article\" \/>\n<meta property=\"og:title\" content=\"A propos de nous - So Cool Hostel Porto\" \/>\n<meta property=\"og:url\" content=\"https:\/\/socoolhostelporto.com\/fr\/a-propos-de-nous\/\" \/>\n<meta property=\"og:site_name\" content=\"So Cool Hostel Porto\" \/>\n<meta property=\"article:publisher\" content=\"https:\/\/www.facebook.com\/socoolhostelporto\" \/>\n<meta property=\"article:modified_time\" content=\"2020-11-03T16:24:37+00:00\" \/>\n<meta property=\"og:image\" content=\"https:\/\/socoolhostelporto.com\/wp-content\/uploads\/2023\/07\/logo_image.jpg\" \/>\n\t<meta property=\"og:image:width\" content=\"1200\" \/>\n\t<meta property=\"og:image:height\" content=\"675\" \/>\n\t<meta property=\"og:image:type\" content=\"image\/jpeg\" \/>\n<meta name=\"twitter:card\" content=\"summary_large_image\" \/>\n<meta name=\"twitter:site\" content=\"@socoolhostel\" \/>\n<meta name=\"twitter:label1\" content=\"Dur\u00e9e de lecture estim\u00e9e\" \/>\n\t<meta name=\"twitter:data1\" content=\"3 minutes\" \/>\n<script type=\"application\/ld+json\" class=\"yoast-schema-graph\">{\"@context\":\"https:\/\/schema.org\",\"@graph\":[{\"@type\":\"WebPage\",\"@id\":\"https:\/\/socoolhostelporto.com\/fr\/a-propos-de-nous\/\",\"url\":\"https:\/\/socoolhostelporto.com\/fr\/a-propos-de-nous\/\",\"name\":\"A propos de nous - So Cool Hostel Porto\",\"isPartOf\":{\"@id\":\"https:\/\/socoolhostelporto.com\/#website\"},\"datePublished\":\"2011-07-22T11:02:01+00:00\",\"dateModified\":\"2020-11-03T16:24:37+00:00\",\"breadcrumb\":{\"@id\":\"https:\/\/socoolhostelporto.com\/fr\/a-propos-de-nous\/#breadcrumb\"},\"inLanguage\":\"fr-FR\",\"potentialAction\":[{\"@type\":\"ReadAction\",\"target\":[\"https:\/\/socoolhostelporto.com\/fr\/a-propos-de-nous\/\"]}]},{\"@type\":\"BreadcrumbList\",\"@id\":\"https:\/\/socoolhostelporto.com\/fr\/a-propos-de-nous\/#breadcrumb\",\"itemListElement\":[{\"@type\":\"ListItem\",\"position\":1,\"name\":\"Home\",\"item\":\"https:\/\/socoolhostelporto.com\/fr\/\"},{\"@type\":\"ListItem\",\"position\":2,\"name\":\"A propos de nous\"}]},{\"@type\":\"WebSite\",\"@id\":\"https:\/\/socoolhostelporto.com\/#website\",\"url\":\"https:\/\/socoolhostelporto.com\/\",\"name\":\"So Cool Hostel Porto\",\"description\":\"Votre Auberge \u00e0 Porto!\",\"publisher\":{\"@id\":\"https:\/\/socoolhostelporto.com\/#organization\"},\"alternateName\":\"Socoolhostel\",\"potentialAction\":[{\"@type\":\"SearchAction\",\"target\":{\"@type\":\"EntryPoint\",\"urlTemplate\":\"https:\/\/socoolhostelporto.com\/?s={search_term_string}\"},\"query-input\":{\"@type\":\"PropertyValueSpecification\",\"valueRequired\":true,\"valueName\":\"search_term_string\"}}],\"inLanguage\":\"fr-FR\"},{\"@type\":\"Organization\",\"@id\":\"https:\/\/socoolhostelporto.com\/#organization\",\"name\":\"So Cool Hostel Porto\",\"alternateName\":\"SoCoolHostel\",\"url\":\"https:\/\/socoolhostelporto.com\/\",\"logo\":{\"@type\":\"ImageObject\",\"inLanguage\":\"fr-FR\",\"@id\":\"https:\/\/socoolhostelporto.com\/#\/schema\/logo\/image\/\",\"url\":\"https:\/\/socoolhostelporto.com\/wp-content\/uploads\/socoolhostelporto.png\",\"contentUrl\":\"https:\/\/socoolhostelporto.com\/wp-content\/uploads\/socoolhostelporto.png\",\"width\":105,\"height\":92,\"caption\":\"So Cool Hostel Porto\"},\"image\":{\"@id\":\"https:\/\/socoolhostelporto.com\/#\/schema\/logo\/image\/\"},\"sameAs\":[\"https:\/\/www.facebook.com\/socoolhostelporto\",\"https:\/\/x.com\/socoolhostel\"]}]}<\/script>\n<!-- \/ Yoast SEO plugin. -->","yoast_head_json":{"title":"A propos de nous - So Cool Hostel Porto","robots":{"index":"index","follow":"follow","max-snippet":"max-snippet:-1","max-image-preview":"max-image-preview:large","max-video-preview":"max-video-preview:-1"},"canonical":"https:\/\/socoolhostelporto.com\/fr\/a-propos-de-nous\/","og_locale":"fr_FR","og_type":"article","og_title":"A propos de nous - So Cool Hostel Porto","og_url":"https:\/\/socoolhostelporto.com\/fr\/a-propos-de-nous\/","og_site_name":"So Cool Hostel Porto","article_publisher":"https:\/\/www.facebook.com\/socoolhostelporto","article_modified_time":"2020-11-03T16:24:37+00:00","og_image":[{"width":1200,"height":675,"url":"https:\/\/socoolhostelporto.com\/wp-content\/uploads\/2023\/07\/logo_image.jpg","type":"image\/jpeg"}],"twitter_card":"summary_large_image","twitter_site":"@socoolhostel","twitter_misc":{"Dur\u00e9e de lecture estim\u00e9e":"3 minutes"},"schema":{"@context":"https:\/\/schema.org","@graph":[{"@type":"WebPage","@id":"https:\/\/socoolhostelporto.com\/fr\/a-propos-de-nous\/","url":"https:\/\/socoolhostelporto.com\/fr\/a-propos-de-nous\/","name":"A propos de nous - So Cool Hostel Porto","isPartOf":{"@id":"https:\/\/socoolhostelporto.com\/#website"},"datePublished":"2011-07-22T11:02:01+00:00","dateModified":"2020-11-03T16:24:37+00:00","breadcrumb":{"@id":"https:\/\/socoolhostelporto.com\/fr\/a-propos-de-nous\/#breadcrumb"},"inLanguage":"fr-FR","potentialAction":[{"@type":"ReadAction","target":["https:\/\/socoolhostelporto.com\/fr\/a-propos-de-nous\/"]}]},{"@type":"BreadcrumbList","@id":"https:\/\/socoolhostelporto.com\/fr\/a-propos-de-nous\/#breadcrumb","itemListElement":[{"@type":"ListItem","position":1,"name":"Home","item":"https:\/\/socoolhostelporto.com\/fr\/"},{"@type":"ListItem","position":2,"name":"A propos de nous"}]},{"@type":"WebSite","@id":"https:\/\/socoolhostelporto.com\/#website","url":"https:\/\/socoolhostelporto.com\/","name":"So Cool Hostel Porto","description":"Votre Auberge \u00e0 Porto!","publisher":{"@id":"https:\/\/socoolhostelporto.com\/#organization"},"alternateName":"Socoolhostel","potentialAction":[{"@type":"SearchAction","target":{"@type":"EntryPoint","urlTemplate":"https:\/\/socoolhostelporto.com\/?s={search_term_string}"},"query-input":{"@type":"PropertyValueSpecification","valueRequired":true,"valueName":"search_term_string"}}],"inLanguage":"fr-FR"},{"@type":"Organization","@id":"https:\/\/socoolhostelporto.com\/#organization","name":"So Cool Hostel Porto","alternateName":"SoCoolHostel","url":"https:\/\/socoolhostelporto.com\/","logo":{"@type":"ImageObject","inLanguage":"fr-FR","@id":"https:\/\/socoolhostelporto.com\/#\/schema\/logo\/image\/","url":"https:\/\/socoolhostelporto.com\/wp-content\/uploads\/socoolhostelporto.png","contentUrl":"https:\/\/socoolhostelporto.com\/wp-content\/uploads\/socoolhostelporto.png","width":105,"height":92,"caption":"So Cool Hostel Porto"},"image":{"@id":"https:\/\/socoolhostelporto.com\/#\/schema\/logo\/image\/"},"sameAs":["https:\/\/www.facebook.com\/socoolhostelporto","https:\/\/x.com\/socoolhostel"]}]}},"_links":{"self":[{"href":"https:\/\/socoolhostelporto.com\/fr\/wp-json\/wp\/v2\/pages\/5720","targetHints":{"allow":["GET"]}}],"collection":[{"href":"https:\/\/socoolhostelporto.com\/fr\/wp-json\/wp\/v2\/pages"}],"about":[{"href":"https:\/\/socoolhostelporto.com\/fr\/wp-json\/wp\/v2\/types\/page"}],"author":[{"embeddable":true,"href":"https:\/\/socoolhostelporto.com\/fr\/wp-json\/wp\/v2\/users\/1"}],"replies":[{"embeddable":true,"href":"https:\/\/socoolhostelporto.com\/fr\/wp-json\/wp\/v2\/comments?post=5720"}],"version-history":[{"count":13,"href":"https:\/\/socoolhostelporto.com\/fr\/wp-json\/wp\/v2\/pages\/5720\/revisions"}],"predecessor-version":[{"id":8166,"href":"https:\/\/socoolhostelporto.com\/fr\/wp-json\/wp\/v2\/pages\/5720\/revisions\/8166"}],"wp:attachment":[{"href":"https:\/\/socoolhostelporto.com\/fr\/wp-json\/wp\/v2\/media?parent=5720"}],"curies":[{"name":"wp","href":"https:\/\/api.w.org\/{rel}","templated":true}]}}