{"id":5777,"date":"2013-05-01T11:33:02","date_gmt":"2013-05-01T11:33:02","guid":{"rendered":"http:\/\/socoolhostelporto.com\/location-2\/"},"modified":"2020-11-16T17:38:21","modified_gmt":"2020-11-16T17:38:21","slug":"localisation","status":"publish","type":"page","link":"https:\/\/socoolhostelporto.com\/fr\/localisation\/","title":{"rendered":"Localisation"},"content":{"rendered":"<div class=\"fusion-fullwidth fullwidth-box fusion-builder-row-1 fusion-flex-container nonhundred-percent-fullwidth non-hundred-percent-height-scrolling\" style=\"--awb-border-radius-top-left:0px;--awb-border-radius-top-right:0px;--awb-border-radius-bottom-right:0px;--awb-border-radius-bottom-left:0px;--awb-flex-wrap:wrap;\" ><div class=\"fusion-builder-row fusion-row fusion-flex-align-items-flex-start fusion-flex-content-wrap\" style=\"max-width:1248px;margin-left: calc(-4% \/ 2 );margin-right: calc(-4% \/ 2 );\"><div class=\"fusion-layout-column fusion_builder_column fusion-builder-column-0 fusion_builder_column_1_2 1_2 fusion-flex-column\" style=\"--awb-bg-size:cover;--awb-width-large:50%;--awb-margin-top-large:0px;--awb-spacing-right-large:3.84%;--awb-margin-bottom-large:0px;--awb-spacing-left-large:3.84%;--awb-width-medium:50%;--awb-spacing-right-medium:3.84%;--awb-spacing-left-medium:3.84%;--awb-width-small:100%;--awb-spacing-right-small:1.92%;--awb-spacing-left-small:1.92%;\"><div class=\"fusion-column-wrapper fusion-flex-justify-content-flex-start fusion-content-layout-column\"><iframe src=\"https:\/\/www.google.com\/maps\/embed?pb=!1m14!1m8!1m3!1d12015.928019611463!2d-8.6225413!3d41.156744!3m2!1i1024!2i768!4f13.1!3m3!1m2!1s0x0%3A0xfc127435c0c00c6f!2sSo%20Cool%20Hostel%20Porto!5e0!3m2!1spt-PT!2spt!4v1605548058602!5m2!1spt-PT!2spt\" width=\"600\" height=\"450\" frameborder=\"0\" style=\"border:0;\" allowfullscreen=\"\" aria-hidden=\"false\" tabindex=\"0\"><\/iframe><\/div><\/div><div class=\"fusion-layout-column fusion_builder_column fusion-builder-column-1 fusion_builder_column_1_2 1_2 fusion-flex-column\" style=\"--awb-bg-size:cover;--awb-width-large:50%;--awb-margin-top-large:0px;--awb-spacing-right-large:3.84%;--awb-margin-bottom-large:0px;--awb-spacing-left-large:3.84%;--awb-width-medium:50%;--awb-spacing-right-medium:3.84%;--awb-spacing-left-medium:3.84%;--awb-width-small:100%;--awb-spacing-right-small:1.92%;--awb-spacing-left-small:1.92%;\"><div class=\"fusion-column-wrapper fusion-flex-justify-content-flex-start fusion-content-layout-column\"><div class=\"fusion-text fusion-text-1\"><p>Le So Cool Hostel Porto est situ\u00e9 \u00e0 5 minutes (\u00e0 pied) de la Rotunda da Boavista (pr\u00e8s de Casa da M\u00fasica), 10 minutes (\u00e0 pied) de la vieille ville, o\u00f9 vous pouvez trouver le plus important centre culturel avec des galeries d&rsquo;art, th\u00e9\u00e2tres, restaurants , bars et discoth\u00e8ques.<\/p>\n<p>10 min (bus) est le temps que vous prenez pour atteindre Serralves House, avec son mus\u00e9e d&rsquo;art contemporain, avec 5 minutes de plus du voyage, vous pouvez vous asseoir dans de grandes terrasses, admirer la mer et de manger un poisson savoureux.<\/p>\n<p>Ainsi, en raison de son emplacement, notre auberge est pr\u00e8s de tout, mais encore, loin de la zone bruyante de la ville. La situation centrale de la So Cool Hostel Porto vous permet d&rsquo;acc\u00e9der facilement au r\u00e9seau de transports publics, qui vous m\u00e8nera \u00e0 n&rsquo;importe o\u00f9 dans la ville et ses alentours ainsi d&rsquo;autres endroits de la belle Portugal! Votre auberge \u00e0 Porto!<\/p>\n<\/div><\/div><\/div><div class=\"fusion-layout-column fusion_builder_column fusion-builder-column-2 fusion_builder_column_1_1 1_1 fusion-flex-column\" style=\"--awb-bg-size:cover;--awb-width-large:100%;--awb-margin-top-large:0px;--awb-spacing-right-large:1.92%;--awb-margin-bottom-large:20px;--awb-spacing-left-large:1.92%;--awb-width-medium:100%;--awb-order-medium:0;--awb-spacing-right-medium:1.92%;--awb-spacing-left-medium:1.92%;--awb-width-small:100%;--awb-order-small:0;--awb-spacing-right-small:1.92%;--awb-spacing-left-small:1.92%;\"><div class=\"fusion-column-wrapper fusion-column-has-shadow fusion-flex-justify-content-flex-start fusion-content-layout-column\"><div class=\"fusion-text fusion-text-2\"><h3>Comment s&rsquo;y rendre<\/h3>\n<p>C&rsquo;est tr\u00e8s facile de passer d&rsquo;Dr. Francisco S\u00e1 Carneiro A\u00e9roport au <strong>So Cool Hostel Porto<\/strong>:<\/p>\n<\/div><\/div><\/div><div class=\"fusion-layout-column fusion_builder_column fusion-builder-column-3 fusion_builder_column_1_3 1_3 fusion-flex-column\" style=\"--awb-bg-size:cover;--awb-width-large:33.333333333333%;--awb-margin-top-large:0px;--awb-spacing-right-large:5.76%;--awb-margin-bottom-large:20px;--awb-spacing-left-large:5.76%;--awb-width-medium:33.333333333333%;--awb-order-medium:0;--awb-spacing-right-medium:5.76%;--awb-spacing-left-medium:5.76%;--awb-width-small:100%;--awb-order-small:0;--awb-spacing-right-small:1.92%;--awb-spacing-left-small:1.92%;\"><div class=\"fusion-column-wrapper fusion-column-has-shadow fusion-flex-justify-content-flex-start fusion-content-layout-column\"><div class=\"fusion-text fusion-text-3\"><h3><span style=\"color: #ff0084;\">en Metro:<\/span><\/h3>\n<p>prenez la ligne E de la station de m\u00e9tro \u00ab\u00a0Airport\u00a0\u00bb et sortez \u00e0 la station \u00ab\u00a0Carolina Michaelis\u00a0\u00bb (horaires \u2013 <a title=\"Metro do Porto\" href=\"http:\/\/www.metrodoporto.pt\/PageGen.aspx?WMCM_PaginaId=16975\" target=\"_blank\" rel=\"noopener noreferrer\">Metro do Porto<\/a>), descendez la Rua Augusto Luso et prenez la premi\u00e8re rue \u00e0 gauche (Rua da Boavista), recherchez le num\u00e9ro de porte 783, et bienvenue \u00e0 So Cool Hostel Porto!<\/p>\n<\/div><\/div><\/div><div class=\"fusion-layout-column fusion_builder_column fusion-builder-column-4 fusion_builder_column_1_3 1_3 fusion-flex-column\" style=\"--awb-bg-size:cover;--awb-width-large:33.333333333333%;--awb-margin-top-large:0px;--awb-spacing-right-large:5.76%;--awb-margin-bottom-large:20px;--awb-spacing-left-large:5.76%;--awb-width-medium:33.333333333333%;--awb-order-medium:0;--awb-spacing-right-medium:5.76%;--awb-spacing-left-medium:5.76%;--awb-width-small:100%;--awb-order-small:0;--awb-spacing-right-small:1.92%;--awb-spacing-left-small:1.92%;\"><div class=\"fusion-column-wrapper fusion-column-has-shadow fusion-flex-justify-content-flex-start fusion-content-layout-column\"><div class=\"fusion-text fusion-text-4\"><h3><span style=\"color: #f0a693;\">en BUS:<\/span><\/h3>\n<p>prendre le bus n \u00b0 601, descendre \u00e0 l&rsquo;arr\u00eat \u00ab\u00a0Boavista &#8211; Maison de la Musique\u00a0\u00bb, rendez-vous autour de la Rotunda da Boavista \u00e0 Rua da Boavista, recherchez le num\u00e9ro de porte 783, et bienvenue \u00e0 So Cool Hostel Porto!<\/p>\n<\/div><\/div><\/div><div class=\"fusion-layout-column fusion_builder_column fusion-builder-column-5 fusion_builder_column_1_3 1_3 fusion-flex-column\" style=\"--awb-bg-size:cover;--awb-width-large:33.333333333333%;--awb-margin-top-large:0px;--awb-spacing-right-large:5.76%;--awb-margin-bottom-large:20px;--awb-spacing-left-large:5.76%;--awb-width-medium:33.333333333333%;--awb-order-medium:0;--awb-spacing-right-medium:5.76%;--awb-spacing-left-medium:5.76%;--awb-width-small:100%;--awb-order-small:0;--awb-spacing-right-small:1.92%;--awb-spacing-left-small:1.92%;\"><div class=\"fusion-column-wrapper fusion-column-has-shadow fusion-flex-justify-content-flex-start fusion-content-layout-column\"><div class=\"fusion-text fusion-text-5\"><h3><span style=\"color: #bce093;\">en Voiture:<\/span><\/h3>\n<p>juste regarder notre <a title=\"So Cool Hostel carte routi\u00e8re\" href=\"http:\/\/maps.google.pt\/maps?saddr=aeroporto+dr.+francisco+s%C3%A1+carneiro&amp;daddr=rua+da+boavista+783&amp;hl=pt-PT&amp;ie=UTF8&amp;ll=41.238706,-8.668299&amp;spn=0.016458,0.085573&amp;sll=41.197131,-8.645607&amp;sspn=0.146216,0.342293&amp;geocode=FR1LdQIdb5B7_yHROWBtilcaFSmtK0phZG8kDTHROWBtilcaFQ%3BFbUAdAIdQG58_ylrE1w5B2UkDTGkAtkjr-YTfw&amp;mra=ltm&amp;t=m&amp;z=14&amp;layer=c&amp;cbll=41.238725,-8.668309&amp;panoid=htSLGuBdK1IoiJ1koNBbeQ&amp;cbp=11,170.58,,0,0\" target=\"_blank\" rel=\"noopener noreferrer\">carte routi\u00e8re<\/a><\/p>\n<\/div><\/div><\/div><\/div><\/div>\n","protected":false},"excerpt":{"rendered":"","protected":false},"author":1,"featured_media":0,"parent":0,"menu_order":0,"comment_status":"open","ping_status":"open","template":"","meta":{"footnotes":""},"class_list":["post-5777","page","type-page","status-publish","hentry"],"yoast_head":"<!-- This site is optimized with the Yoast SEO plugin v27.2 - https:\/\/yoast.com\/product\/yoast-seo-wordpress\/ -->\n<title>Localization - So Cool Hostel Porto - Votre Auberge \u00e0 Porto<\/title>\n<meta name=\"description\" content=\"Pour trouver \u00e0 notre auberge \u00e0 Porto - La station de m\u00e9tro \u00e0 200 m\u00e8tres de So Cool Hostel. A 10 minutes \u00e0 pied du centre-ville de Porto.\" \/>\n<meta name=\"robots\" content=\"index, follow, max-snippet:-1, max-image-preview:large, max-video-preview:-1\" \/>\n<link rel=\"canonical\" href=\"https:\/\/socoolhostelporto.com\/fr\/localisation\/\" \/>\n<meta property=\"og:locale\" content=\"fr_FR\" \/>\n<meta property=\"og:type\" content=\"article\" \/>\n<meta property=\"og:title\" content=\"Localization - So Cool Hostel Porto - Votre Auberge \u00e0 Porto\" \/>\n<meta property=\"og:description\" content=\"Pour trouver \u00e0 notre auberge \u00e0 Porto - La station de m\u00e9tro \u00e0 200 m\u00e8tres de So Cool Hostel. A 10 minutes \u00e0 pied du centre-ville de Porto.\" \/>\n<meta property=\"og:url\" content=\"https:\/\/socoolhostelporto.com\/fr\/localisation\/\" \/>\n<meta property=\"og:site_name\" content=\"So Cool Hostel Porto\" \/>\n<meta property=\"article:publisher\" content=\"https:\/\/www.facebook.com\/socoolhostelporto\" \/>\n<meta property=\"article:modified_time\" content=\"2020-11-16T17:38:21+00:00\" \/>\n<meta property=\"og:image\" content=\"https:\/\/socoolhostelporto.com\/wp-content\/uploads\/2023\/07\/logo_image.jpg\" \/>\n\t<meta property=\"og:image:width\" content=\"1200\" \/>\n\t<meta property=\"og:image:height\" content=\"675\" \/>\n\t<meta property=\"og:image:type\" content=\"image\/jpeg\" \/>\n<meta name=\"twitter:card\" content=\"summary_large_image\" \/>\n<meta name=\"twitter:site\" content=\"@socoolhostel\" \/>\n<meta name=\"twitter:label1\" content=\"Dur\u00e9e de lecture estim\u00e9e\" \/>\n\t<meta name=\"twitter:data1\" content=\"9 minutes\" \/>\n<script type=\"application\/ld+json\" class=\"yoast-schema-graph\">{\"@context\":\"https:\/\/schema.org\",\"@graph\":[{\"@type\":\"WebPage\",\"@id\":\"https:\/\/socoolhostelporto.com\/fr\/localisation\/\",\"url\":\"https:\/\/socoolhostelporto.com\/fr\/localisation\/\",\"name\":\"Localization - So Cool Hostel Porto - Votre Auberge \u00e0 Porto\",\"isPartOf\":{\"@id\":\"https:\/\/socoolhostelporto.com\/#website\"},\"datePublished\":\"2013-05-01T11:33:02+00:00\",\"dateModified\":\"2020-11-16T17:38:21+00:00\",\"description\":\"Pour trouver \u00e0 notre auberge \u00e0 Porto - La station de m\u00e9tro \u00e0 200 m\u00e8tres de So Cool Hostel. A 10 minutes \u00e0 pied du centre-ville de Porto.\",\"breadcrumb\":{\"@id\":\"https:\/\/socoolhostelporto.com\/fr\/localisation\/#breadcrumb\"},\"inLanguage\":\"fr-FR\",\"potentialAction\":[{\"@type\":\"ReadAction\",\"target\":[\"https:\/\/socoolhostelporto.com\/fr\/localisation\/\"]}]},{\"@type\":\"BreadcrumbList\",\"@id\":\"https:\/\/socoolhostelporto.com\/fr\/localisation\/#breadcrumb\",\"itemListElement\":[{\"@type\":\"ListItem\",\"position\":1,\"name\":\"Home\",\"item\":\"https:\/\/socoolhostelporto.com\/fr\/\"},{\"@type\":\"ListItem\",\"position\":2,\"name\":\"Localisation\"}]},{\"@type\":\"WebSite\",\"@id\":\"https:\/\/socoolhostelporto.com\/#website\",\"url\":\"https:\/\/socoolhostelporto.com\/\",\"name\":\"So Cool Hostel Porto\",\"description\":\"Votre Auberge \u00e0 Porto!\",\"publisher\":{\"@id\":\"https:\/\/socoolhostelporto.com\/#organization\"},\"alternateName\":\"Socoolhostel\",\"potentialAction\":[{\"@type\":\"SearchAction\",\"target\":{\"@type\":\"EntryPoint\",\"urlTemplate\":\"https:\/\/socoolhostelporto.com\/?s={search_term_string}\"},\"query-input\":{\"@type\":\"PropertyValueSpecification\",\"valueRequired\":true,\"valueName\":\"search_term_string\"}}],\"inLanguage\":\"fr-FR\"},{\"@type\":\"Organization\",\"@id\":\"https:\/\/socoolhostelporto.com\/#organization\",\"name\":\"So Cool Hostel Porto\",\"alternateName\":\"SoCoolHostel\",\"url\":\"https:\/\/socoolhostelporto.com\/\",\"logo\":{\"@type\":\"ImageObject\",\"inLanguage\":\"fr-FR\",\"@id\":\"https:\/\/socoolhostelporto.com\/#\/schema\/logo\/image\/\",\"url\":\"https:\/\/socoolhostelporto.com\/wp-content\/uploads\/socoolhostelporto.png\",\"contentUrl\":\"https:\/\/socoolhostelporto.com\/wp-content\/uploads\/socoolhostelporto.png\",\"width\":105,\"height\":92,\"caption\":\"So Cool Hostel Porto\"},\"image\":{\"@id\":\"https:\/\/socoolhostelporto.com\/#\/schema\/logo\/image\/\"},\"sameAs\":[\"https:\/\/www.facebook.com\/socoolhostelporto\",\"https:\/\/x.com\/socoolhostel\"]}]}<\/script>\n<!-- \/ Yoast SEO plugin. -->","yoast_head_json":{"title":"Localization - So Cool Hostel Porto - Votre Auberge \u00e0 Porto","description":"Pour trouver \u00e0 notre auberge \u00e0 Porto - La station de m\u00e9tro \u00e0 200 m\u00e8tres de So Cool Hostel. A 10 minutes \u00e0 pied du centre-ville de Porto.","robots":{"index":"index","follow":"follow","max-snippet":"max-snippet:-1","max-image-preview":"max-image-preview:large","max-video-preview":"max-video-preview:-1"},"canonical":"https:\/\/socoolhostelporto.com\/fr\/localisation\/","og_locale":"fr_FR","og_type":"article","og_title":"Localization - So Cool Hostel Porto - Votre Auberge \u00e0 Porto","og_description":"Pour trouver \u00e0 notre auberge \u00e0 Porto - La station de m\u00e9tro \u00e0 200 m\u00e8tres de So Cool Hostel. A 10 minutes \u00e0 pied du centre-ville de Porto.","og_url":"https:\/\/socoolhostelporto.com\/fr\/localisation\/","og_site_name":"So Cool Hostel Porto","article_publisher":"https:\/\/www.facebook.com\/socoolhostelporto","article_modified_time":"2020-11-16T17:38:21+00:00","og_image":[{"width":1200,"height":675,"url":"https:\/\/socoolhostelporto.com\/wp-content\/uploads\/2023\/07\/logo_image.jpg","type":"image\/jpeg"}],"twitter_card":"summary_large_image","twitter_site":"@socoolhostel","twitter_misc":{"Dur\u00e9e de lecture estim\u00e9e":"9 minutes"},"schema":{"@context":"https:\/\/schema.org","@graph":[{"@type":"WebPage","@id":"https:\/\/socoolhostelporto.com\/fr\/localisation\/","url":"https:\/\/socoolhostelporto.com\/fr\/localisation\/","name":"Localization - So Cool Hostel Porto - Votre Auberge \u00e0 Porto","isPartOf":{"@id":"https:\/\/socoolhostelporto.com\/#website"},"datePublished":"2013-05-01T11:33:02+00:00","dateModified":"2020-11-16T17:38:21+00:00","description":"Pour trouver \u00e0 notre auberge \u00e0 Porto - La station de m\u00e9tro \u00e0 200 m\u00e8tres de So Cool Hostel. A 10 minutes \u00e0 pied du centre-ville de Porto.","breadcrumb":{"@id":"https:\/\/socoolhostelporto.com\/fr\/localisation\/#breadcrumb"},"inLanguage":"fr-FR","potentialAction":[{"@type":"ReadAction","target":["https:\/\/socoolhostelporto.com\/fr\/localisation\/"]}]},{"@type":"BreadcrumbList","@id":"https:\/\/socoolhostelporto.com\/fr\/localisation\/#breadcrumb","itemListElement":[{"@type":"ListItem","position":1,"name":"Home","item":"https:\/\/socoolhostelporto.com\/fr\/"},{"@type":"ListItem","position":2,"name":"Localisation"}]},{"@type":"WebSite","@id":"https:\/\/socoolhostelporto.com\/#website","url":"https:\/\/socoolhostelporto.com\/","name":"So Cool Hostel Porto","description":"Votre Auberge \u00e0 Porto!","publisher":{"@id":"https:\/\/socoolhostelporto.com\/#organization"},"alternateName":"Socoolhostel","potentialAction":[{"@type":"SearchAction","target":{"@type":"EntryPoint","urlTemplate":"https:\/\/socoolhostelporto.com\/?s={search_term_string}"},"query-input":{"@type":"PropertyValueSpecification","valueRequired":true,"valueName":"search_term_string"}}],"inLanguage":"fr-FR"},{"@type":"Organization","@id":"https:\/\/socoolhostelporto.com\/#organization","name":"So Cool Hostel Porto","alternateName":"SoCoolHostel","url":"https:\/\/socoolhostelporto.com\/","logo":{"@type":"ImageObject","inLanguage":"fr-FR","@id":"https:\/\/socoolhostelporto.com\/#\/schema\/logo\/image\/","url":"https:\/\/socoolhostelporto.com\/wp-content\/uploads\/socoolhostelporto.png","contentUrl":"https:\/\/socoolhostelporto.com\/wp-content\/uploads\/socoolhostelporto.png","width":105,"height":92,"caption":"So Cool Hostel Porto"},"image":{"@id":"https:\/\/socoolhostelporto.com\/#\/schema\/logo\/image\/"},"sameAs":["https:\/\/www.facebook.com\/socoolhostelporto","https:\/\/x.com\/socoolhostel"]}]}},"_links":{"self":[{"href":"https:\/\/socoolhostelporto.com\/fr\/wp-json\/wp\/v2\/pages\/5777","targetHints":{"allow":["GET"]}}],"collection":[{"href":"https:\/\/socoolhostelporto.com\/fr\/wp-json\/wp\/v2\/pages"}],"about":[{"href":"https:\/\/socoolhostelporto.com\/fr\/wp-json\/wp\/v2\/types\/page"}],"author":[{"embeddable":true,"href":"https:\/\/socoolhostelporto.com\/fr\/wp-json\/wp\/v2\/users\/1"}],"replies":[{"embeddable":true,"href":"https:\/\/socoolhostelporto.com\/fr\/wp-json\/wp\/v2\/comments?post=5777"}],"version-history":[{"count":17,"href":"https:\/\/socoolhostelporto.com\/fr\/wp-json\/wp\/v2\/pages\/5777\/revisions"}],"predecessor-version":[{"id":8227,"href":"https:\/\/socoolhostelporto.com\/fr\/wp-json\/wp\/v2\/pages\/5777\/revisions\/8227"}],"wp:attachment":[{"href":"https:\/\/socoolhostelporto.com\/fr\/wp-json\/wp\/v2\/media?parent=5777"}],"curies":[{"name":"wp","href":"https:\/\/api.w.org\/{rel}","templated":true}]}}