{"id":5969,"date":"2013-05-15T16:33:52","date_gmt":"2013-05-15T16:33:52","guid":{"rendered":"http:\/\/socoolhostelporto.com\/booking-2\/"},"modified":"2021-02-18T15:55:59","modified_gmt":"2021-02-18T15:55:59","slug":"reservation","status":"publish","type":"page","link":"https:\/\/socoolhostelporto.com\/fr\/reservation\/","title":{"rendered":"R\u00e9servation"},"content":{"rendered":"<div class=\"fusion-fullwidth fullwidth-box fusion-builder-row-1 fusion-flex-container nonhundred-percent-fullwidth non-hundred-percent-height-scrolling\" style=\"--awb-border-radius-top-left:0px;--awb-border-radius-top-right:0px;--awb-border-radius-bottom-right:0px;--awb-border-radius-bottom-left:0px;--awb-flex-wrap:wrap;\" ><div class=\"fusion-builder-row fusion-row fusion-flex-align-items-flex-start fusion-flex-content-wrap\" style=\"max-width:1248px;margin-left: calc(-4% \/ 2 );margin-right: calc(-4% \/ 2 );\"><div class=\"fusion-layout-column fusion_builder_column fusion-builder-column-0 fusion_builder_column_1_1 1_1 fusion-flex-column\" style=\"--awb-bg-size:cover;--awb-width-large:100%;--awb-margin-top-large:0px;--awb-spacing-right-large:1.92%;--awb-margin-bottom-large:0px;--awb-spacing-left-large:1.92%;--awb-width-medium:100%;--awb-spacing-right-medium:1.92%;--awb-spacing-left-medium:1.92%;--awb-width-small:100%;--awb-spacing-right-small:1.92%;--awb-spacing-left-small:1.92%;\"><div class=\"fusion-column-wrapper fusion-flex-justify-content-flex-start fusion-content-layout-column\"><div class=\"fusion-text fusion-text-1\"><h4>Le So Cool Hostel, pour votre confort et votre s\u00e9curit\u00e9, fournit une liste de les plus prestigieux r\u00e9servation en ligne, o\u00f9 nous sommes pr\u00e9sents.<\/h4>\n<h4><strong>Dortoirs<\/strong> &#8211; \u20ac 18,00 &#8211; \u20ac 22,00<\/h4>\n<p><strong>Chambres<\/strong> &#8211; \u20ac 22,00 \u2013 \u20ac 25,00 (chaque personne)<\/p>\n<p><strong>Contactez-nous<\/strong>: <a title=\"Contactez-nous\" href=\"mailto:booking@socoolhostelporto.com\">booking@socoolhostelporto.com<\/a><\/p>\n<\/div><\/div><\/div><div class=\"fusion-layout-column fusion_builder_column fusion-builder-column-1 fusion_builder_column_1_2 1_2 fusion-flex-column\" style=\"--awb-bg-size:cover;--awb-width-large:50%;--awb-margin-top-large:0px;--awb-spacing-right-large:3.84%;--awb-margin-bottom-large:20px;--awb-spacing-left-large:3.84%;--awb-width-medium:50%;--awb-order-medium:0;--awb-spacing-right-medium:3.84%;--awb-spacing-left-medium:3.84%;--awb-width-small:100%;--awb-order-small:0;--awb-spacing-right-small:1.92%;--awb-spacing-left-small:1.92%;\"><div class=\"fusion-column-wrapper fusion-column-has-shadow fusion-flex-justify-content-flex-start fusion-content-layout-column\"><div class=\"fusion-text fusion-text-2\"><p><a title=\"TheBookingButton\" href=\"https:\/\/www.thebookingbutton.co.uk\/properties\/socoolhosteldirect\"><img decoding=\"async\" class=\"alignnone size-full wp-image-5958\" src=\"http:\/\/socoolhostelporto.com\/wp-content\/uploads\/tbb_logo.png\" alt=\"logo_thebookingbutton\" width=\"249\" height=\"59\" \/><\/a><\/p>\n<div id=\"TA_logoWidget348\" class=\"TA_logoWidget\">\n<ul id=\"bxgVmrTVu\" class=\"TA_links ldbvaL\">\n<li id=\"2XW0gqUU\" class=\"q53PNd\"><a href=\"http:\/\/www.tripadvisor.com.br\/Hotel_Review-g189180-d4548569-Reviews-So_Cool_Hostel_Porto-Porto_Porto_District_Northern_Portugal.html\" target=\"_blank\" rel=\"noopener noreferrer\">So Cool Hostel Porto<\/a><\/li>\n<\/ul>\n<\/div>\n<p><script src=\"http:\/\/www.jscache.com\/wejs?wtype=logoWidget&amp;uniq=348&amp;lang=pt&amp;locationId=4548569\" type=\"text\/javascript\"><\/script><\/p>\n<p><a title=\"So Cool Hostel Porto in Hostelworld\" href=\"http:\/\/www.hostelworld.com\/hosteldetails.php\/So-Cool-Hostel-Porto\/Porto\/77903\" target=\"_blank\" rel=\"noopener noreferrer\"><img decoding=\"async\" class=\"alignnone size-full wp-image-5955\" src=\"http:\/\/socoolhostelporto.com\/wp-content\/uploads\/hostelworld_banner1.jpg\" alt=\"So Cool Hostel Porto in Hostelworld\" width=\"400\" height=\"80\" \/><\/a><\/p>\n<p><a title=\"So Cool Hostel Porto in Airbnb\" href=\"https:\/\/www.airbnb.ca\/rooms\/1332238\" target=\"_blank\" rel=\"noopener noreferrer\"><img decoding=\"async\" class=\"alignnone size-full wp-image-6561\" src=\"http:\/\/socoolhostelporto.com\/wp-content\/uploads\/airbnb_logo.jpg\" alt=\"So Cool Hostel Porto in Airbnb\" width=\"180\" height=\"97\" \/><\/a><\/p>\n<\/div><\/div><\/div><div class=\"fusion-layout-column fusion_builder_column fusion-builder-column-2 fusion_builder_column_1_2 1_2 fusion-flex-column\" style=\"--awb-bg-size:cover;--awb-width-large:50%;--awb-margin-top-large:0px;--awb-spacing-right-large:3.84%;--awb-margin-bottom-large:20px;--awb-spacing-left-large:3.84%;--awb-width-medium:50%;--awb-order-medium:0;--awb-spacing-right-medium:3.84%;--awb-spacing-left-medium:3.84%;--awb-width-small:100%;--awb-order-small:0;--awb-spacing-right-small:1.92%;--awb-spacing-left-small:1.92%;\"><div class=\"fusion-column-wrapper fusion-column-has-shadow fusion-flex-justify-content-flex-start fusion-content-layout-column\"><div class=\"fusion-text fusion-text-3\"><p><a title=\"So Cool Hostel Porto in Hostelz.com\" href=\"http:\/\/www.hostelz.com\/hostel\/+240462-So-Cool-Hostel\" target=\"_blank\" rel=\"noopener noreferrer\"><img decoding=\"async\" class=\"alignnone size-full wp-image-6572\" src=\"http:\/\/socoolhostelporto.com\/wp-content\/uploads\/hostelz-small.png\" alt=\"So Cool Hostel Porto in Hostelz.com\" width=\"220\" height=\"44\" \/><\/a><\/p>\n<p><a title=\"So Cool Hostel Porto in Booking.com\" href=\"http:\/\/www.booking.com\/So-Cool-Hostel-Porto\" target=\"_blank\" rel=\"noopener noreferrer\"><img decoding=\"async\" class=\"alignnone size-full wp-image-6572\" src=\"http:\/\/socoolhostelporto.com\/wp-content\/uploads\/booking.jpg\" alt=\"So Cool Hostel Porto in Booking.com\" width=\"220\" height=\"44\" \/><\/a><\/p>\n<p><a title=\"So Cool Hostel Porto in HostelBookers\" href=\"http:\/\/pt.hostelbookers.com\/albergues\/portugal\/porto\/89513\/\" target=\"_blank\" rel=\"noopener noreferrer\"><img decoding=\"async\" class=\"alignnone size-full wp-image-5956\" src=\"http:\/\/socoolhostelporto.com\/wp-content\/uploads\/hotelbookers__banner1.jpg\" alt=\"So Cool Hostel Porto in HostelBookers\" width=\"400\" height=\"80\" \/><\/a><\/p>\n<p><a title=\"So Cool Hostel Porto in Anytrip\" href=\"http:\/\/fr.hostelbookers.com\/property\/prp\/89513\/\" target=\"_blank\" rel=\"noopener noreferrer\"><img decoding=\"async\" class=\"alignnone size-full wp-image-6559\" src=\"http:\/\/socoolhostelporto.com\/wp-content\/uploads\/anytrip.png\" alt=\"So Cool Hostel Porto in Anytrip\" width=\"191\" height=\"52\" \/><\/a><\/p>\n<p><a title=\"So Cool Hostel Porto in Budgetplaces\" href=\"http:\/\/www.budgetplaces.com\/porto-hostel-32043-so-cool-hostel-porto.html\" target=\"_blank\" rel=\"noopener noreferrer\"><img decoding=\"async\" class=\"alignnone size-full wp-image-6565\" src=\"http:\/\/socoolhostelporto.com\/wp-content\/uploads\/logo-budgetplaces.jpg\" alt=\"So Cool Hostel Porto in Budgetplaces\" width=\"210\" height=\"132\" \/><\/a><\/p>\n<\/div><\/div><\/div><\/div><\/div>\n","protected":false},"excerpt":{"rendered":"","protected":false},"author":1,"featured_media":0,"parent":0,"menu_order":0,"comment_status":"open","ping_status":"open","template":"","meta":{"footnotes":""},"class_list":["post-5969","page","type-page","status-publish","hentry"],"yoast_head":"<!-- This site is optimized with the Yoast SEO plugin v27.2 - https:\/\/yoast.com\/product\/yoast-seo-wordpress\/ -->\n<title>R\u00e9servation - So Cool Hostel Porto<\/title>\n<meta name=\"description\" content=\"Une liste de les plus prestigieux r\u00e9servation en ligne, o\u00f9 nous sommes pr\u00e9sents. Dortoirs et Chambres \u00e0 Porto. \u20ac 28,00 \u2013 \u20ac 25,00 (chaque personne).\" \/>\n<meta name=\"robots\" content=\"index, follow, max-snippet:-1, max-image-preview:large, max-video-preview:-1\" \/>\n<link rel=\"canonical\" href=\"https:\/\/socoolhostelporto.com\/fr\/reservation\/\" \/>\n<meta property=\"og:locale\" content=\"fr_FR\" \/>\n<meta property=\"og:type\" content=\"article\" \/>\n<meta property=\"og:title\" content=\"R\u00e9servation - So Cool Hostel Porto\" \/>\n<meta property=\"og:description\" content=\"Une liste de les plus prestigieux r\u00e9servation en ligne, o\u00f9 nous sommes pr\u00e9sents. Dortoirs et Chambres \u00e0 Porto. \u20ac 28,00 \u2013 \u20ac 25,00 (chaque personne).\" \/>\n<meta property=\"og:url\" content=\"https:\/\/socoolhostelporto.com\/fr\/reservation\/\" \/>\n<meta property=\"og:site_name\" content=\"So Cool Hostel Porto\" \/>\n<meta property=\"article:publisher\" content=\"https:\/\/www.facebook.com\/socoolhostelporto\" \/>\n<meta property=\"article:modified_time\" content=\"2021-02-18T15:55:59+00:00\" \/>\n<meta property=\"og:image\" content=\"http:\/\/socoolhostelporto.com\/wp-content\/uploads\/tbb_logo.png\" \/>\n<meta name=\"twitter:card\" content=\"summary_large_image\" \/>\n<meta name=\"twitter:site\" content=\"@socoolhostel\" \/>\n<meta name=\"twitter:label1\" content=\"Dur\u00e9e de lecture estim\u00e9e\" \/>\n\t<meta name=\"twitter:data1\" content=\"4 minutes\" \/>\n<script type=\"application\/ld+json\" class=\"yoast-schema-graph\">{\"@context\":\"https:\/\/schema.org\",\"@graph\":[{\"@type\":\"WebPage\",\"@id\":\"https:\/\/socoolhostelporto.com\/fr\/reservation\/\",\"url\":\"https:\/\/socoolhostelporto.com\/fr\/reservation\/\",\"name\":\"R\u00e9servation - So Cool Hostel Porto\",\"isPartOf\":{\"@id\":\"https:\/\/socoolhostelporto.com\/#website\"},\"primaryImageOfPage\":{\"@id\":\"https:\/\/socoolhostelporto.com\/fr\/reservation\/#primaryimage\"},\"image\":{\"@id\":\"https:\/\/socoolhostelporto.com\/fr\/reservation\/#primaryimage\"},\"thumbnailUrl\":\"http:\/\/socoolhostelporto.com\/wp-content\/uploads\/tbb_logo.png\",\"datePublished\":\"2013-05-15T16:33:52+00:00\",\"dateModified\":\"2021-02-18T15:55:59+00:00\",\"description\":\"Une liste de les plus prestigieux r\u00e9servation en ligne, o\u00f9 nous sommes pr\u00e9sents. Dortoirs et Chambres \u00e0 Porto. \u20ac 28,00 \u2013 \u20ac 25,00 (chaque personne).\",\"breadcrumb\":{\"@id\":\"https:\/\/socoolhostelporto.com\/fr\/reservation\/#breadcrumb\"},\"inLanguage\":\"fr-FR\",\"potentialAction\":[{\"@type\":\"ReadAction\",\"target\":[\"https:\/\/socoolhostelporto.com\/fr\/reservation\/\"]}]},{\"@type\":\"ImageObject\",\"inLanguage\":\"fr-FR\",\"@id\":\"https:\/\/socoolhostelporto.com\/fr\/reservation\/#primaryimage\",\"url\":\"http:\/\/socoolhostelporto.com\/wp-content\/uploads\/tbb_logo.png\",\"contentUrl\":\"http:\/\/socoolhostelporto.com\/wp-content\/uploads\/tbb_logo.png\"},{\"@type\":\"BreadcrumbList\",\"@id\":\"https:\/\/socoolhostelporto.com\/fr\/reservation\/#breadcrumb\",\"itemListElement\":[{\"@type\":\"ListItem\",\"position\":1,\"name\":\"Home\",\"item\":\"https:\/\/socoolhostelporto.com\/fr\/\"},{\"@type\":\"ListItem\",\"position\":2,\"name\":\"R\u00e9servation\"}]},{\"@type\":\"WebSite\",\"@id\":\"https:\/\/socoolhostelporto.com\/#website\",\"url\":\"https:\/\/socoolhostelporto.com\/\",\"name\":\"So Cool Hostel Porto\",\"description\":\"Votre Auberge \u00e0 Porto!\",\"publisher\":{\"@id\":\"https:\/\/socoolhostelporto.com\/#organization\"},\"alternateName\":\"Socoolhostel\",\"potentialAction\":[{\"@type\":\"SearchAction\",\"target\":{\"@type\":\"EntryPoint\",\"urlTemplate\":\"https:\/\/socoolhostelporto.com\/?s={search_term_string}\"},\"query-input\":{\"@type\":\"PropertyValueSpecification\",\"valueRequired\":true,\"valueName\":\"search_term_string\"}}],\"inLanguage\":\"fr-FR\"},{\"@type\":\"Organization\",\"@id\":\"https:\/\/socoolhostelporto.com\/#organization\",\"name\":\"So Cool Hostel Porto\",\"alternateName\":\"SoCoolHostel\",\"url\":\"https:\/\/socoolhostelporto.com\/\",\"logo\":{\"@type\":\"ImageObject\",\"inLanguage\":\"fr-FR\",\"@id\":\"https:\/\/socoolhostelporto.com\/#\/schema\/logo\/image\/\",\"url\":\"https:\/\/socoolhostelporto.com\/wp-content\/uploads\/socoolhostelporto.png\",\"contentUrl\":\"https:\/\/socoolhostelporto.com\/wp-content\/uploads\/socoolhostelporto.png\",\"width\":105,\"height\":92,\"caption\":\"So Cool Hostel Porto\"},\"image\":{\"@id\":\"https:\/\/socoolhostelporto.com\/#\/schema\/logo\/image\/\"},\"sameAs\":[\"https:\/\/www.facebook.com\/socoolhostelporto\",\"https:\/\/x.com\/socoolhostel\"]}]}<\/script>\n<!-- \/ Yoast SEO plugin. -->","yoast_head_json":{"title":"R\u00e9servation - So Cool Hostel Porto","description":"Une liste de les plus prestigieux r\u00e9servation en ligne, o\u00f9 nous sommes pr\u00e9sents. Dortoirs et Chambres \u00e0 Porto. \u20ac 28,00 \u2013 \u20ac 25,00 (chaque personne).","robots":{"index":"index","follow":"follow","max-snippet":"max-snippet:-1","max-image-preview":"max-image-preview:large","max-video-preview":"max-video-preview:-1"},"canonical":"https:\/\/socoolhostelporto.com\/fr\/reservation\/","og_locale":"fr_FR","og_type":"article","og_title":"R\u00e9servation - So Cool Hostel Porto","og_description":"Une liste de les plus prestigieux r\u00e9servation en ligne, o\u00f9 nous sommes pr\u00e9sents. Dortoirs et Chambres \u00e0 Porto. \u20ac 28,00 \u2013 \u20ac 25,00 (chaque personne).","og_url":"https:\/\/socoolhostelporto.com\/fr\/reservation\/","og_site_name":"So Cool Hostel Porto","article_publisher":"https:\/\/www.facebook.com\/socoolhostelporto","article_modified_time":"2021-02-18T15:55:59+00:00","og_image":[{"url":"http:\/\/socoolhostelporto.com\/wp-content\/uploads\/tbb_logo.png","type":"","width":"","height":""}],"twitter_card":"summary_large_image","twitter_site":"@socoolhostel","twitter_misc":{"Dur\u00e9e de lecture estim\u00e9e":"4 minutes"},"schema":{"@context":"https:\/\/schema.org","@graph":[{"@type":"WebPage","@id":"https:\/\/socoolhostelporto.com\/fr\/reservation\/","url":"https:\/\/socoolhostelporto.com\/fr\/reservation\/","name":"R\u00e9servation - So Cool Hostel Porto","isPartOf":{"@id":"https:\/\/socoolhostelporto.com\/#website"},"primaryImageOfPage":{"@id":"https:\/\/socoolhostelporto.com\/fr\/reservation\/#primaryimage"},"image":{"@id":"https:\/\/socoolhostelporto.com\/fr\/reservation\/#primaryimage"},"thumbnailUrl":"http:\/\/socoolhostelporto.com\/wp-content\/uploads\/tbb_logo.png","datePublished":"2013-05-15T16:33:52+00:00","dateModified":"2021-02-18T15:55:59+00:00","description":"Une liste de les plus prestigieux r\u00e9servation en ligne, o\u00f9 nous sommes pr\u00e9sents. Dortoirs et Chambres \u00e0 Porto. \u20ac 28,00 \u2013 \u20ac 25,00 (chaque personne).","breadcrumb":{"@id":"https:\/\/socoolhostelporto.com\/fr\/reservation\/#breadcrumb"},"inLanguage":"fr-FR","potentialAction":[{"@type":"ReadAction","target":["https:\/\/socoolhostelporto.com\/fr\/reservation\/"]}]},{"@type":"ImageObject","inLanguage":"fr-FR","@id":"https:\/\/socoolhostelporto.com\/fr\/reservation\/#primaryimage","url":"http:\/\/socoolhostelporto.com\/wp-content\/uploads\/tbb_logo.png","contentUrl":"http:\/\/socoolhostelporto.com\/wp-content\/uploads\/tbb_logo.png"},{"@type":"BreadcrumbList","@id":"https:\/\/socoolhostelporto.com\/fr\/reservation\/#breadcrumb","itemListElement":[{"@type":"ListItem","position":1,"name":"Home","item":"https:\/\/socoolhostelporto.com\/fr\/"},{"@type":"ListItem","position":2,"name":"R\u00e9servation"}]},{"@type":"WebSite","@id":"https:\/\/socoolhostelporto.com\/#website","url":"https:\/\/socoolhostelporto.com\/","name":"So Cool Hostel Porto","description":"Votre Auberge \u00e0 Porto!","publisher":{"@id":"https:\/\/socoolhostelporto.com\/#organization"},"alternateName":"Socoolhostel","potentialAction":[{"@type":"SearchAction","target":{"@type":"EntryPoint","urlTemplate":"https:\/\/socoolhostelporto.com\/?s={search_term_string}"},"query-input":{"@type":"PropertyValueSpecification","valueRequired":true,"valueName":"search_term_string"}}],"inLanguage":"fr-FR"},{"@type":"Organization","@id":"https:\/\/socoolhostelporto.com\/#organization","name":"So Cool Hostel Porto","alternateName":"SoCoolHostel","url":"https:\/\/socoolhostelporto.com\/","logo":{"@type":"ImageObject","inLanguage":"fr-FR","@id":"https:\/\/socoolhostelporto.com\/#\/schema\/logo\/image\/","url":"https:\/\/socoolhostelporto.com\/wp-content\/uploads\/socoolhostelporto.png","contentUrl":"https:\/\/socoolhostelporto.com\/wp-content\/uploads\/socoolhostelporto.png","width":105,"height":92,"caption":"So Cool Hostel Porto"},"image":{"@id":"https:\/\/socoolhostelporto.com\/#\/schema\/logo\/image\/"},"sameAs":["https:\/\/www.facebook.com\/socoolhostelporto","https:\/\/x.com\/socoolhostel"]}]}},"_links":{"self":[{"href":"https:\/\/socoolhostelporto.com\/fr\/wp-json\/wp\/v2\/pages\/5969","targetHints":{"allow":["GET"]}}],"collection":[{"href":"https:\/\/socoolhostelporto.com\/fr\/wp-json\/wp\/v2\/pages"}],"about":[{"href":"https:\/\/socoolhostelporto.com\/fr\/wp-json\/wp\/v2\/types\/page"}],"author":[{"embeddable":true,"href":"https:\/\/socoolhostelporto.com\/fr\/wp-json\/wp\/v2\/users\/1"}],"replies":[{"embeddable":true,"href":"https:\/\/socoolhostelporto.com\/fr\/wp-json\/wp\/v2\/comments?post=5969"}],"version-history":[{"count":23,"href":"https:\/\/socoolhostelporto.com\/fr\/wp-json\/wp\/v2\/pages\/5969\/revisions"}],"predecessor-version":[{"id":8348,"href":"https:\/\/socoolhostelporto.com\/fr\/wp-json\/wp\/v2\/pages\/5969\/revisions\/8348"}],"wp:attachment":[{"href":"https:\/\/socoolhostelporto.com\/fr\/wp-json\/wp\/v2\/media?parent=5969"}],"curies":[{"name":"wp","href":"https:\/\/api.w.org\/{rel}","templated":true}]}}