{"id":5721,"date":"2011-07-22T11:02:01","date_gmt":"2011-07-22T11:02:01","guid":{"rendered":"http:\/\/socoolhostelporto.com\/about-site-2\/"},"modified":"2020-12-03T16:13:56","modified_gmt":"2020-12-03T16:13:56","slug":"sobre-nos","status":"publish","type":"page","link":"https:\/\/socoolhostelporto.com\/pt-pt\/sobre-nos\/","title":{"rendered":"Sobre N\u00f3s"},"content":{"rendered":"<div class=\"fusion-fullwidth fullwidth-box fusion-builder-row-1 fusion-flex-container nonhundred-percent-fullwidth non-hundred-percent-height-scrolling\" style=\"--awb-border-radius-top-left:0px;--awb-border-radius-top-right:0px;--awb-border-radius-bottom-right:0px;--awb-border-radius-bottom-left:0px;--awb-flex-wrap:wrap;\" ><div class=\"fusion-builder-row fusion-row fusion-flex-align-items-flex-start fusion-flex-content-wrap\" style=\"max-width:1248px;margin-left: calc(-4% \/ 2 );margin-right: calc(-4% \/ 2 );\"><div class=\"fusion-layout-column fusion_builder_column fusion-builder-column-0 fusion_builder_column_1_1 1_1 fusion-flex-column\" style=\"--awb-bg-size:cover;--awb-width-large:100%;--awb-margin-top-large:0px;--awb-spacing-right-large:2.56%;--awb-margin-bottom-large:0px;--awb-spacing-left-large:1.92%;--awb-width-medium:100%;--awb-spacing-right-medium:2.56%;--awb-spacing-left-medium:1.92%;--awb-width-small:100%;--awb-spacing-right-small:1.92%;--awb-spacing-left-small:1.92%;\"><div class=\"fusion-column-wrapper fusion-flex-justify-content-flex-start fusion-content-layout-column\"><div class=\"fusion-text fusion-text-1\"><h2>Bem-vindo ao So Cool Hostel Porto, sinta-se em casa!<\/h2>\n<p>O edif\u00edcio do So Cool Hostel Porto foi constru\u00eddo antes de 1890 e totalmente restaurado em 2013 resultando numa harm\u00f3nica mistura de estilos. O contempor\u00e2neo minimalista aliado \u00e0 espectacular arquitectura de raiz &#8211; edif\u00edcio centen\u00e1rio caracterizado maioritariamente por pedra antiga e madeiras brancas, portas e portadas, rodap\u00e9s altos, soalhos recuperados, tectos ricamente trabalhados, salas amplas com p\u00e9s direito altos, varandas, escadarias &#8211; onde a luminosidade impera!<\/p>\n<p>Em colabora\u00e7\u00e3o com o nosso staff, criamos um ambiente acolhedor para que os nossos h\u00f3spedes se sintam em casa. Poder\u00e3o escolher um dos nossos dormit\u00f3rios super confort\u00e1veis e espa\u00e7osos ou um dos nossos quartos duplos aconchegantes.<\/p>\n<p>Ouvir m\u00fasica, ver TV\/DVD, ler um livro ou simplesmente descansar numa das \u00e1reas comuns s\u00e3o algumas das actividades das quais pode desfrutar.<br \/>\nNo nosso jardim encantador pode tomar banhos de Sol, relaxar e degustar um dos vinhos da nossa selec\u00e7\u00e3o.<br \/>\nNa nossa cozinha convidamo-lo a preparar as suas refei\u00e7\u00f5es.<\/p>\n<p>O So Cool Hostel Porto fica localizado a 5 min (a p\u00e9) da Rotunda da Boavista e Casa da M\u00fasica, a 10 min (a p\u00e9) da zona hist\u00f3rica da cidade onde pode encontrar os principais pontos de interesse cultural &#8211; galerias de arte, teatros, restaurantes, bares e discotecas assim como, lojas de com\u00e9rcio tradicional.<\/p>\n<p>Para chegar \u00e0 Casa de Serralves com o seu Museu de Arte Contempor\u00e2nea e jardins fant\u00e1sticos s\u00e3o 10 min (de autocarro). Com mais 5 min de viagem, pode sentar-se numa das esplanadas na zona da Foz e admirar o Mar, comer um saboroso peixe ou beber uma bebida ao fim da tarde enquanto admira o p\u00f4r do sol!.<\/p>\n<p>Gra\u00e7as \u00e0 sua localiza\u00e7\u00e3o privilegiada, o So Cool Hostel Porto situa-se muito perto dos principais pontos de interesse da cidade, mas longe da zona \u201cbarulhenta\u201d.<br \/>\nA nossa localiza\u00e7\u00e3o central permite o r\u00e1pido acesso a p\u00e9 para a baixa do Porto e \u00e0 rede p\u00fablica de transportes que o levam a qualquer ponto da cidade, assim como a outros locais do nosso encantador Portugal!<\/p>\n<\/div><\/div><\/div><\/div><\/div>\n","protected":false},"excerpt":{"rendered":"","protected":false},"author":1,"featured_media":0,"parent":0,"menu_order":10,"comment_status":"closed","ping_status":"closed","template":"","meta":{"footnotes":""},"class_list":["post-5721","page","type-page","status-publish","hentry"],"yoast_head":"<!-- This site is optimized with the Yoast SEO plugin v27.2 - https:\/\/yoast.com\/product\/yoast-seo-wordpress\/ -->\n<title>Sobre N\u00f3s - So Cool Hostel Porto<\/title>\n<meta name=\"robots\" content=\"index, follow, max-snippet:-1, max-image-preview:large, max-video-preview:-1\" \/>\n<link rel=\"canonical\" href=\"https:\/\/socoolhostelporto.com\/pt-pt\/sobre-nos\/\" \/>\n<meta property=\"og:locale\" content=\"pt_PT\" \/>\n<meta property=\"og:type\" content=\"article\" \/>\n<meta property=\"og:title\" content=\"Sobre N\u00f3s - So Cool Hostel Porto\" \/>\n<meta property=\"og:url\" content=\"https:\/\/socoolhostelporto.com\/pt-pt\/sobre-nos\/\" \/>\n<meta property=\"og:site_name\" content=\"So Cool Hostel Porto\" \/>\n<meta property=\"article:publisher\" content=\"https:\/\/www.facebook.com\/socoolhostelporto\" \/>\n<meta property=\"article:modified_time\" content=\"2020-12-03T16:13:56+00:00\" \/>\n<meta property=\"og:image\" content=\"https:\/\/socoolhostelporto.com\/wp-content\/uploads\/2023\/07\/logo_image.jpg\" \/>\n\t<meta property=\"og:image:width\" content=\"1200\" \/>\n\t<meta property=\"og:image:height\" content=\"675\" \/>\n\t<meta property=\"og:image:type\" content=\"image\/jpeg\" \/>\n<meta name=\"twitter:card\" content=\"summary_large_image\" \/>\n<meta name=\"twitter:site\" content=\"@socoolhostel\" \/>\n<meta name=\"twitter:label1\" content=\"Tempo estimado de leitura\" \/>\n\t<meta name=\"twitter:data1\" content=\"3 minutos\" \/>\n<script type=\"application\/ld+json\" class=\"yoast-schema-graph\">{\"@context\":\"https:\/\/schema.org\",\"@graph\":[{\"@type\":\"WebPage\",\"@id\":\"https:\/\/socoolhostelporto.com\/pt-pt\/sobre-nos\/\",\"url\":\"https:\/\/socoolhostelporto.com\/pt-pt\/sobre-nos\/\",\"name\":\"Sobre N\u00f3s - So Cool Hostel Porto\",\"isPartOf\":{\"@id\":\"https:\/\/socoolhostelporto.com\/#website\"},\"datePublished\":\"2011-07-22T11:02:01+00:00\",\"dateModified\":\"2020-12-03T16:13:56+00:00\",\"breadcrumb\":{\"@id\":\"https:\/\/socoolhostelporto.com\/pt-pt\/sobre-nos\/#breadcrumb\"},\"inLanguage\":\"pt-PT\",\"potentialAction\":[{\"@type\":\"ReadAction\",\"target\":[\"https:\/\/socoolhostelporto.com\/pt-pt\/sobre-nos\/\"]}]},{\"@type\":\"BreadcrumbList\",\"@id\":\"https:\/\/socoolhostelporto.com\/pt-pt\/sobre-nos\/#breadcrumb\",\"itemListElement\":[{\"@type\":\"ListItem\",\"position\":1,\"name\":\"Home\",\"item\":\"https:\/\/socoolhostelporto.com\/pt-pt\/\"},{\"@type\":\"ListItem\",\"position\":2,\"name\":\"Sobre N\u00f3s\"}]},{\"@type\":\"WebSite\",\"@id\":\"https:\/\/socoolhostelporto.com\/#website\",\"url\":\"https:\/\/socoolhostelporto.com\/\",\"name\":\"So Cool Hostel Porto\",\"description\":\"O teu Hostel no Porto!\",\"publisher\":{\"@id\":\"https:\/\/socoolhostelporto.com\/#organization\"},\"alternateName\":\"Socoolhostel\",\"potentialAction\":[{\"@type\":\"SearchAction\",\"target\":{\"@type\":\"EntryPoint\",\"urlTemplate\":\"https:\/\/socoolhostelporto.com\/?s={search_term_string}\"},\"query-input\":{\"@type\":\"PropertyValueSpecification\",\"valueRequired\":true,\"valueName\":\"search_term_string\"}}],\"inLanguage\":\"pt-PT\"},{\"@type\":\"Organization\",\"@id\":\"https:\/\/socoolhostelporto.com\/#organization\",\"name\":\"So Cool Hostel Porto\",\"alternateName\":\"SoCoolHostel\",\"url\":\"https:\/\/socoolhostelporto.com\/\",\"logo\":{\"@type\":\"ImageObject\",\"inLanguage\":\"pt-PT\",\"@id\":\"https:\/\/socoolhostelporto.com\/#\/schema\/logo\/image\/\",\"url\":\"https:\/\/socoolhostelporto.com\/wp-content\/uploads\/socoolhostelporto.png\",\"contentUrl\":\"https:\/\/socoolhostelporto.com\/wp-content\/uploads\/socoolhostelporto.png\",\"width\":105,\"height\":92,\"caption\":\"So Cool Hostel Porto\"},\"image\":{\"@id\":\"https:\/\/socoolhostelporto.com\/#\/schema\/logo\/image\/\"},\"sameAs\":[\"https:\/\/www.facebook.com\/socoolhostelporto\",\"https:\/\/x.com\/socoolhostel\"]}]}<\/script>\n<!-- \/ Yoast SEO plugin. -->","yoast_head_json":{"title":"Sobre N\u00f3s - So Cool Hostel Porto","robots":{"index":"index","follow":"follow","max-snippet":"max-snippet:-1","max-image-preview":"max-image-preview:large","max-video-preview":"max-video-preview:-1"},"canonical":"https:\/\/socoolhostelporto.com\/pt-pt\/sobre-nos\/","og_locale":"pt_PT","og_type":"article","og_title":"Sobre N\u00f3s - So Cool Hostel Porto","og_url":"https:\/\/socoolhostelporto.com\/pt-pt\/sobre-nos\/","og_site_name":"So Cool Hostel Porto","article_publisher":"https:\/\/www.facebook.com\/socoolhostelporto","article_modified_time":"2020-12-03T16:13:56+00:00","og_image":[{"width":1200,"height":675,"url":"https:\/\/socoolhostelporto.com\/wp-content\/uploads\/2023\/07\/logo_image.jpg","type":"image\/jpeg"}],"twitter_card":"summary_large_image","twitter_site":"@socoolhostel","twitter_misc":{"Tempo estimado de leitura":"3 minutos"},"schema":{"@context":"https:\/\/schema.org","@graph":[{"@type":"WebPage","@id":"https:\/\/socoolhostelporto.com\/pt-pt\/sobre-nos\/","url":"https:\/\/socoolhostelporto.com\/pt-pt\/sobre-nos\/","name":"Sobre N\u00f3s - So Cool Hostel Porto","isPartOf":{"@id":"https:\/\/socoolhostelporto.com\/#website"},"datePublished":"2011-07-22T11:02:01+00:00","dateModified":"2020-12-03T16:13:56+00:00","breadcrumb":{"@id":"https:\/\/socoolhostelporto.com\/pt-pt\/sobre-nos\/#breadcrumb"},"inLanguage":"pt-PT","potentialAction":[{"@type":"ReadAction","target":["https:\/\/socoolhostelporto.com\/pt-pt\/sobre-nos\/"]}]},{"@type":"BreadcrumbList","@id":"https:\/\/socoolhostelporto.com\/pt-pt\/sobre-nos\/#breadcrumb","itemListElement":[{"@type":"ListItem","position":1,"name":"Home","item":"https:\/\/socoolhostelporto.com\/pt-pt\/"},{"@type":"ListItem","position":2,"name":"Sobre N\u00f3s"}]},{"@type":"WebSite","@id":"https:\/\/socoolhostelporto.com\/#website","url":"https:\/\/socoolhostelporto.com\/","name":"So Cool Hostel Porto","description":"O teu Hostel no Porto!","publisher":{"@id":"https:\/\/socoolhostelporto.com\/#organization"},"alternateName":"Socoolhostel","potentialAction":[{"@type":"SearchAction","target":{"@type":"EntryPoint","urlTemplate":"https:\/\/socoolhostelporto.com\/?s={search_term_string}"},"query-input":{"@type":"PropertyValueSpecification","valueRequired":true,"valueName":"search_term_string"}}],"inLanguage":"pt-PT"},{"@type":"Organization","@id":"https:\/\/socoolhostelporto.com\/#organization","name":"So Cool Hostel Porto","alternateName":"SoCoolHostel","url":"https:\/\/socoolhostelporto.com\/","logo":{"@type":"ImageObject","inLanguage":"pt-PT","@id":"https:\/\/socoolhostelporto.com\/#\/schema\/logo\/image\/","url":"https:\/\/socoolhostelporto.com\/wp-content\/uploads\/socoolhostelporto.png","contentUrl":"https:\/\/socoolhostelporto.com\/wp-content\/uploads\/socoolhostelporto.png","width":105,"height":92,"caption":"So Cool Hostel Porto"},"image":{"@id":"https:\/\/socoolhostelporto.com\/#\/schema\/logo\/image\/"},"sameAs":["https:\/\/www.facebook.com\/socoolhostelporto","https:\/\/x.com\/socoolhostel"]}]}},"_links":{"self":[{"href":"https:\/\/socoolhostelporto.com\/pt-pt\/wp-json\/wp\/v2\/pages\/5721","targetHints":{"allow":["GET"]}}],"collection":[{"href":"https:\/\/socoolhostelporto.com\/pt-pt\/wp-json\/wp\/v2\/pages"}],"about":[{"href":"https:\/\/socoolhostelporto.com\/pt-pt\/wp-json\/wp\/v2\/types\/page"}],"author":[{"embeddable":true,"href":"https:\/\/socoolhostelporto.com\/pt-pt\/wp-json\/wp\/v2\/users\/1"}],"replies":[{"embeddable":true,"href":"https:\/\/socoolhostelporto.com\/pt-pt\/wp-json\/wp\/v2\/comments?post=5721"}],"version-history":[{"count":15,"href":"https:\/\/socoolhostelporto.com\/pt-pt\/wp-json\/wp\/v2\/pages\/5721\/revisions"}],"predecessor-version":[{"id":8282,"href":"https:\/\/socoolhostelporto.com\/pt-pt\/wp-json\/wp\/v2\/pages\/5721\/revisions\/8282"}],"wp:attachment":[{"href":"https:\/\/socoolhostelporto.com\/pt-pt\/wp-json\/wp\/v2\/media?parent=5721"}],"curies":[{"name":"wp","href":"https:\/\/api.w.org\/{rel}","templated":true}]}}