{"id":5778,"date":"2013-05-01T11:33:02","date_gmt":"2013-05-01T11:33:02","guid":{"rendered":"http:\/\/socoolhostelporto.com\/location-2\/"},"modified":"2020-11-16T17:39:39","modified_gmt":"2020-11-16T17:39:39","slug":"localizacao","status":"publish","type":"page","link":"https:\/\/socoolhostelporto.com\/pt-pt\/localizacao\/","title":{"rendered":"Localiza\u00e7\u00e3o"},"content":{"rendered":"<div class=\"fusion-fullwidth fullwidth-box fusion-builder-row-1 fusion-flex-container nonhundred-percent-fullwidth non-hundred-percent-height-scrolling\" style=\"--awb-border-radius-top-left:0px;--awb-border-radius-top-right:0px;--awb-border-radius-bottom-right:0px;--awb-border-radius-bottom-left:0px;--awb-flex-wrap:wrap;\" ><div class=\"fusion-builder-row fusion-row fusion-flex-align-items-flex-start fusion-flex-content-wrap\" style=\"max-width:1248px;margin-left: calc(-4% \/ 2 );margin-right: calc(-4% \/ 2 );\"><div class=\"fusion-layout-column fusion_builder_column fusion-builder-column-0 fusion_builder_column_1_2 1_2 fusion-flex-column\" style=\"--awb-bg-size:cover;--awb-width-large:50%;--awb-margin-top-large:0px;--awb-spacing-right-large:3.84%;--awb-margin-bottom-large:0px;--awb-spacing-left-large:3.84%;--awb-width-medium:50%;--awb-spacing-right-medium:3.84%;--awb-spacing-left-medium:3.84%;--awb-width-small:100%;--awb-spacing-right-small:1.92%;--awb-spacing-left-small:1.92%;\"><div class=\"fusion-column-wrapper fusion-flex-justify-content-flex-start fusion-content-layout-column\"><iframe src=\"https:\/\/www.google.com\/maps\/embed?pb=!1m14!1m8!1m3!1d12015.928019611463!2d-8.6225413!3d41.156744!3m2!1i1024!2i768!4f13.1!3m3!1m2!1s0x0%3A0xfc127435c0c00c6f!2sSo%20Cool%20Hostel%20Porto!5e0!3m2!1spt-PT!2spt!4v1605548058602!5m2!1spt-PT!2spt\" width=\"600\" height=\"450\" frameborder=\"0\" style=\"border:0;\" allowfullscreen=\"\" aria-hidden=\"false\" tabindex=\"0\"><\/iframe><\/div><\/div><div class=\"fusion-layout-column fusion_builder_column fusion-builder-column-1 fusion_builder_column_1_2 1_2 fusion-flex-column\" style=\"--awb-bg-size:cover;--awb-width-large:50%;--awb-margin-top-large:0px;--awb-spacing-right-large:3.84%;--awb-margin-bottom-large:0px;--awb-spacing-left-large:3.84%;--awb-width-medium:50%;--awb-spacing-right-medium:3.84%;--awb-spacing-left-medium:3.84%;--awb-width-small:100%;--awb-spacing-right-small:1.92%;--awb-spacing-left-small:1.92%;\"><div class=\"fusion-column-wrapper fusion-flex-justify-content-flex-start fusion-content-layout-column\"><div class=\"fusion-text fusion-text-1\"><p>O So Cool Hostel Porto fica a 5 min (a andar) da Rotunda da Boavista (Casa da M\u00fasica), a 10 min (a andar) da baixa da cidade, onde pode encontrar o focus cultural da cidade com galerias de arte, teatros, restaurantes, bares e discotecas.<\/p>\n<p>A Casa de Serralves, e o seu Museu de Arte Contempor\u00e2nea, ficam a 10 min (de autocarro), com mais 5 min (de autocarro) de viagem, pode sentar-se numa das estupendas esplanadas, admirar o mar e comer um saboroso peixe.<\/p>\n<p>A localiza\u00e7\u00e3o central do So Cool Hostel Porto permite-o chegar facilmente \u00e0 rede de transportes p\u00fablicos, que o levar\u00e3o para qualquer s\u00edtio da cidade, para os seus arredores ou para outros locais do Maravilhoso Portugal !<\/p>\n<\/div><\/div><\/div><div class=\"fusion-layout-column fusion_builder_column fusion-builder-column-2 fusion_builder_column_1_1 1_1 fusion-flex-column\" style=\"--awb-bg-size:cover;--awb-width-large:100%;--awb-margin-top-large:0px;--awb-spacing-right-large:1.92%;--awb-margin-bottom-large:20px;--awb-spacing-left-large:1.92%;--awb-width-medium:100%;--awb-order-medium:0;--awb-spacing-right-medium:1.92%;--awb-spacing-left-medium:1.92%;--awb-width-small:100%;--awb-order-small:0;--awb-spacing-right-small:1.92%;--awb-spacing-left-small:1.92%;\"><div class=\"fusion-column-wrapper fusion-column-has-shadow fusion-flex-justify-content-flex-start fusion-content-layout-column\"><div class=\"fusion-text fusion-text-2\"><h3>Como chegar<\/h3>\n<p>\u00c9 muito f\u00e1cil deslocar-se do Aeroporto Dr. Francisco S\u00e1 Carneiro para o <strong>So Cool Hostel Porto<\/strong>:<\/p>\n<\/div><\/div><\/div><div class=\"fusion-layout-column fusion_builder_column fusion-builder-column-3 fusion_builder_column_1_3 1_3 fusion-flex-column\" style=\"--awb-bg-size:cover;--awb-width-large:33.333333333333%;--awb-margin-top-large:0px;--awb-spacing-right-large:5.76%;--awb-margin-bottom-large:20px;--awb-spacing-left-large:5.76%;--awb-width-medium:33.333333333333%;--awb-order-medium:0;--awb-spacing-right-medium:5.76%;--awb-spacing-left-medium:5.76%;--awb-width-small:100%;--awb-order-small:0;--awb-spacing-right-small:1.92%;--awb-spacing-left-small:1.92%;\"><div class=\"fusion-column-wrapper fusion-column-has-shadow fusion-flex-justify-content-flex-start fusion-content-layout-column\"><div class=\"fusion-text fusion-text-3\"><h3><span style=\"color: #ff0084;\">Metro:<\/span><\/h3>\n<p>Apanhe a linha E do Metro na esta\u00e7\u00e3o \u201cAeroporto\u201d e saia na esta\u00e7\u00e3o \u201cCarolina Michaelis\u201d (hor\u00e1rios \u2013 <a title=\"Metro do Porto\" href=\"http:\/\/www.metrodoporto.pt\/PageGen.aspx?WMCM_PaginaId=16975\" target=\"_blank\" rel=\"noopener noreferrer\">Metro do Porto<\/a>), des\u00e7a a Rua Augusto Luso e vire na primeira rua \u00e0 esquerda (Rua da Boavista), procure o n\u00famero da porta 783, e seja bem-vindo ao So Cool Hostel!<\/p>\n<\/div><\/div><\/div><div class=\"fusion-layout-column fusion_builder_column fusion-builder-column-4 fusion_builder_column_1_3 1_3 fusion-flex-column\" style=\"--awb-bg-size:cover;--awb-width-large:33.333333333333%;--awb-margin-top-large:0px;--awb-spacing-right-large:5.76%;--awb-margin-bottom-large:20px;--awb-spacing-left-large:5.76%;--awb-width-medium:33.333333333333%;--awb-order-medium:0;--awb-spacing-right-medium:5.76%;--awb-spacing-left-medium:5.76%;--awb-width-small:100%;--awb-order-small:0;--awb-spacing-right-small:1.92%;--awb-spacing-left-small:1.92%;\"><div class=\"fusion-column-wrapper fusion-column-has-shadow fusion-flex-justify-content-flex-start fusion-content-layout-column\"><div class=\"fusion-text fusion-text-4\"><h3><span style=\"color: #f0a693;\">Autocarro:<\/span><\/h3>\n<p>Apanhe o autocarro n\u00ba 601, saia na paragem \u201cBoavista \u2013 Casa da M\u00fasica\u201d, contorne a Rotunda da Boavista at\u00e9 \u00e0 Rua da Boavista, procure o n\u00famero da porta 783, e seja bem-vindo ao So Cool Hostel!<\/p>\n<\/div><\/div><\/div><div class=\"fusion-layout-column fusion_builder_column fusion-builder-column-5 fusion_builder_column_1_3 1_3 fusion-flex-column\" style=\"--awb-bg-size:cover;--awb-width-large:33.333333333333%;--awb-margin-top-large:0px;--awb-spacing-right-large:5.76%;--awb-margin-bottom-large:20px;--awb-spacing-left-large:5.76%;--awb-width-medium:33.333333333333%;--awb-order-medium:0;--awb-spacing-right-medium:5.76%;--awb-spacing-left-medium:5.76%;--awb-width-small:100%;--awb-order-small:0;--awb-spacing-right-small:1.92%;--awb-spacing-left-small:1.92%;\"><div class=\"fusion-column-wrapper fusion-column-has-shadow fusion-flex-justify-content-flex-start fusion-content-layout-column\"><div class=\"fusion-text fusion-text-5\"><h3><span style=\"color: #bce093;\">Carro:<\/span><\/h3>\n<p>Aceda ao <a title=\"So Cool Hostel route map by car\" href=\"http:\/\/maps.google.pt\/maps?saddr=aeroporto+dr.+francisco+s%C3%A1+carneiro&amp;daddr=rua+da+boavista+783&amp;hl=pt-PT&amp;ie=UTF8&amp;ll=41.238706,-8.668299&amp;spn=0.016458,0.085573&amp;sll=41.197131,-8.645607&amp;sspn=0.146216,0.342293&amp;geocode=FR1LdQIdb5B7_yHROWBtilcaFSmtK0phZG8kDTHROWBtilcaFQ%3BFbUAdAIdQG58_ylrE1w5B2UkDTGkAtkjr-YTfw&amp;mra=ltm&amp;t=m&amp;z=14&amp;layer=c&amp;cbll=41.238725,-8.668309&amp;panoid=htSLGuBdK1IoiJ1koNBbeQ&amp;cbp=11,170.58,,0,0\" target=\"_blank\" rel=\"noopener noreferrer\">mapa do percurso<\/a><\/p>\n<\/div><\/div><\/div><\/div><\/div>\n","protected":false},"excerpt":{"rendered":"","protected":false},"author":1,"featured_media":0,"parent":0,"menu_order":0,"comment_status":"open","ping_status":"open","template":"","meta":{"footnotes":""},"class_list":["post-5778","page","type-page","status-publish","hentry"],"yoast_head":"<!-- This site is optimized with the Yoast SEO plugin v27.2 - https:\/\/yoast.com\/product\/yoast-seo-wordpress\/ -->\n<title>Localiza\u00e7\u00e3o - So Cool Hostel Porto<\/title>\n<meta name=\"description\" content=\"O So Cool Hostel Porto est\u00e1 situado na movimentada zona da Boavista (Casa da M\u00fasica), Esta\u00e7\u00e3o do Metro a 200 metros \u201cCarolina Michaelis\u201d.\" \/>\n<meta name=\"robots\" content=\"index, follow, max-snippet:-1, max-image-preview:large, max-video-preview:-1\" \/>\n<link rel=\"canonical\" href=\"https:\/\/socoolhostelporto.com\/pt-pt\/localizacao\/\" \/>\n<meta property=\"og:locale\" content=\"pt_PT\" \/>\n<meta property=\"og:type\" content=\"article\" \/>\n<meta property=\"og:title\" content=\"Localiza\u00e7\u00e3o - So Cool Hostel Porto\" \/>\n<meta property=\"og:description\" content=\"O So Cool Hostel Porto est\u00e1 situado na movimentada zona da Boavista (Casa da M\u00fasica), Esta\u00e7\u00e3o do Metro a 200 metros \u201cCarolina Michaelis\u201d.\" \/>\n<meta property=\"og:url\" content=\"https:\/\/socoolhostelporto.com\/pt-pt\/localizacao\/\" \/>\n<meta property=\"og:site_name\" content=\"So Cool Hostel Porto\" \/>\n<meta property=\"article:publisher\" content=\"https:\/\/www.facebook.com\/socoolhostelporto\" \/>\n<meta property=\"article:modified_time\" content=\"2020-11-16T17:39:39+00:00\" \/>\n<meta property=\"og:image\" content=\"https:\/\/socoolhostelporto.com\/wp-content\/uploads\/2023\/07\/logo_image.jpg\" \/>\n\t<meta property=\"og:image:width\" content=\"1200\" \/>\n\t<meta property=\"og:image:height\" content=\"675\" \/>\n\t<meta property=\"og:image:type\" content=\"image\/jpeg\" \/>\n<meta name=\"twitter:card\" content=\"summary_large_image\" \/>\n<meta name=\"twitter:site\" content=\"@socoolhostel\" \/>\n<meta name=\"twitter:label1\" content=\"Tempo estimado de leitura\" \/>\n\t<meta name=\"twitter:data1\" content=\"9 minutos\" \/>\n<script type=\"application\/ld+json\" class=\"yoast-schema-graph\">{\"@context\":\"https:\/\/schema.org\",\"@graph\":[{\"@type\":\"WebPage\",\"@id\":\"https:\/\/socoolhostelporto.com\/pt-pt\/localizacao\/\",\"url\":\"https:\/\/socoolhostelporto.com\/pt-pt\/localizacao\/\",\"name\":\"Localiza\u00e7\u00e3o - So Cool Hostel Porto\",\"isPartOf\":{\"@id\":\"https:\/\/socoolhostelporto.com\/#website\"},\"datePublished\":\"2013-05-01T11:33:02+00:00\",\"dateModified\":\"2020-11-16T17:39:39+00:00\",\"description\":\"O So Cool Hostel Porto est\u00e1 situado na movimentada zona da Boavista (Casa da M\u00fasica), Esta\u00e7\u00e3o do Metro a 200 metros \u201cCarolina Michaelis\u201d.\",\"breadcrumb\":{\"@id\":\"https:\/\/socoolhostelporto.com\/pt-pt\/localizacao\/#breadcrumb\"},\"inLanguage\":\"pt-PT\",\"potentialAction\":[{\"@type\":\"ReadAction\",\"target\":[\"https:\/\/socoolhostelporto.com\/pt-pt\/localizacao\/\"]}]},{\"@type\":\"BreadcrumbList\",\"@id\":\"https:\/\/socoolhostelporto.com\/pt-pt\/localizacao\/#breadcrumb\",\"itemListElement\":[{\"@type\":\"ListItem\",\"position\":1,\"name\":\"Home\",\"item\":\"https:\/\/socoolhostelporto.com\/pt-pt\/\"},{\"@type\":\"ListItem\",\"position\":2,\"name\":\"Localiza\u00e7\u00e3o\"}]},{\"@type\":\"WebSite\",\"@id\":\"https:\/\/socoolhostelporto.com\/#website\",\"url\":\"https:\/\/socoolhostelporto.com\/\",\"name\":\"So Cool Hostel Porto\",\"description\":\"O teu Hostel no Porto!\",\"publisher\":{\"@id\":\"https:\/\/socoolhostelporto.com\/#organization\"},\"alternateName\":\"Socoolhostel\",\"potentialAction\":[{\"@type\":\"SearchAction\",\"target\":{\"@type\":\"EntryPoint\",\"urlTemplate\":\"https:\/\/socoolhostelporto.com\/?s={search_term_string}\"},\"query-input\":{\"@type\":\"PropertyValueSpecification\",\"valueRequired\":true,\"valueName\":\"search_term_string\"}}],\"inLanguage\":\"pt-PT\"},{\"@type\":\"Organization\",\"@id\":\"https:\/\/socoolhostelporto.com\/#organization\",\"name\":\"So Cool Hostel Porto\",\"alternateName\":\"SoCoolHostel\",\"url\":\"https:\/\/socoolhostelporto.com\/\",\"logo\":{\"@type\":\"ImageObject\",\"inLanguage\":\"pt-PT\",\"@id\":\"https:\/\/socoolhostelporto.com\/#\/schema\/logo\/image\/\",\"url\":\"https:\/\/socoolhostelporto.com\/wp-content\/uploads\/socoolhostelporto.png\",\"contentUrl\":\"https:\/\/socoolhostelporto.com\/wp-content\/uploads\/socoolhostelporto.png\",\"width\":105,\"height\":92,\"caption\":\"So Cool Hostel Porto\"},\"image\":{\"@id\":\"https:\/\/socoolhostelporto.com\/#\/schema\/logo\/image\/\"},\"sameAs\":[\"https:\/\/www.facebook.com\/socoolhostelporto\",\"https:\/\/x.com\/socoolhostel\"]}]}<\/script>\n<!-- \/ Yoast SEO plugin. -->","yoast_head_json":{"title":"Localiza\u00e7\u00e3o - So Cool Hostel Porto","description":"O So Cool Hostel Porto est\u00e1 situado na movimentada zona da Boavista (Casa da M\u00fasica), Esta\u00e7\u00e3o do Metro a 200 metros \u201cCarolina Michaelis\u201d.","robots":{"index":"index","follow":"follow","max-snippet":"max-snippet:-1","max-image-preview":"max-image-preview:large","max-video-preview":"max-video-preview:-1"},"canonical":"https:\/\/socoolhostelporto.com\/pt-pt\/localizacao\/","og_locale":"pt_PT","og_type":"article","og_title":"Localiza\u00e7\u00e3o - So Cool Hostel Porto","og_description":"O So Cool Hostel Porto est\u00e1 situado na movimentada zona da Boavista (Casa da M\u00fasica), Esta\u00e7\u00e3o do Metro a 200 metros \u201cCarolina Michaelis\u201d.","og_url":"https:\/\/socoolhostelporto.com\/pt-pt\/localizacao\/","og_site_name":"So Cool Hostel Porto","article_publisher":"https:\/\/www.facebook.com\/socoolhostelporto","article_modified_time":"2020-11-16T17:39:39+00:00","og_image":[{"width":1200,"height":675,"url":"https:\/\/socoolhostelporto.com\/wp-content\/uploads\/2023\/07\/logo_image.jpg","type":"image\/jpeg"}],"twitter_card":"summary_large_image","twitter_site":"@socoolhostel","twitter_misc":{"Tempo estimado de leitura":"9 minutos"},"schema":{"@context":"https:\/\/schema.org","@graph":[{"@type":"WebPage","@id":"https:\/\/socoolhostelporto.com\/pt-pt\/localizacao\/","url":"https:\/\/socoolhostelporto.com\/pt-pt\/localizacao\/","name":"Localiza\u00e7\u00e3o - So Cool Hostel Porto","isPartOf":{"@id":"https:\/\/socoolhostelporto.com\/#website"},"datePublished":"2013-05-01T11:33:02+00:00","dateModified":"2020-11-16T17:39:39+00:00","description":"O So Cool Hostel Porto est\u00e1 situado na movimentada zona da Boavista (Casa da M\u00fasica), Esta\u00e7\u00e3o do Metro a 200 metros \u201cCarolina Michaelis\u201d.","breadcrumb":{"@id":"https:\/\/socoolhostelporto.com\/pt-pt\/localizacao\/#breadcrumb"},"inLanguage":"pt-PT","potentialAction":[{"@type":"ReadAction","target":["https:\/\/socoolhostelporto.com\/pt-pt\/localizacao\/"]}]},{"@type":"BreadcrumbList","@id":"https:\/\/socoolhostelporto.com\/pt-pt\/localizacao\/#breadcrumb","itemListElement":[{"@type":"ListItem","position":1,"name":"Home","item":"https:\/\/socoolhostelporto.com\/pt-pt\/"},{"@type":"ListItem","position":2,"name":"Localiza\u00e7\u00e3o"}]},{"@type":"WebSite","@id":"https:\/\/socoolhostelporto.com\/#website","url":"https:\/\/socoolhostelporto.com\/","name":"So Cool Hostel Porto","description":"O teu Hostel no Porto!","publisher":{"@id":"https:\/\/socoolhostelporto.com\/#organization"},"alternateName":"Socoolhostel","potentialAction":[{"@type":"SearchAction","target":{"@type":"EntryPoint","urlTemplate":"https:\/\/socoolhostelporto.com\/?s={search_term_string}"},"query-input":{"@type":"PropertyValueSpecification","valueRequired":true,"valueName":"search_term_string"}}],"inLanguage":"pt-PT"},{"@type":"Organization","@id":"https:\/\/socoolhostelporto.com\/#organization","name":"So Cool Hostel Porto","alternateName":"SoCoolHostel","url":"https:\/\/socoolhostelporto.com\/","logo":{"@type":"ImageObject","inLanguage":"pt-PT","@id":"https:\/\/socoolhostelporto.com\/#\/schema\/logo\/image\/","url":"https:\/\/socoolhostelporto.com\/wp-content\/uploads\/socoolhostelporto.png","contentUrl":"https:\/\/socoolhostelporto.com\/wp-content\/uploads\/socoolhostelporto.png","width":105,"height":92,"caption":"So Cool Hostel Porto"},"image":{"@id":"https:\/\/socoolhostelporto.com\/#\/schema\/logo\/image\/"},"sameAs":["https:\/\/www.facebook.com\/socoolhostelporto","https:\/\/x.com\/socoolhostel"]}]}},"_links":{"self":[{"href":"https:\/\/socoolhostelporto.com\/pt-pt\/wp-json\/wp\/v2\/pages\/5778","targetHints":{"allow":["GET"]}}],"collection":[{"href":"https:\/\/socoolhostelporto.com\/pt-pt\/wp-json\/wp\/v2\/pages"}],"about":[{"href":"https:\/\/socoolhostelporto.com\/pt-pt\/wp-json\/wp\/v2\/types\/page"}],"author":[{"embeddable":true,"href":"https:\/\/socoolhostelporto.com\/pt-pt\/wp-json\/wp\/v2\/users\/1"}],"replies":[{"embeddable":true,"href":"https:\/\/socoolhostelporto.com\/pt-pt\/wp-json\/wp\/v2\/comments?post=5778"}],"version-history":[{"count":16,"href":"https:\/\/socoolhostelporto.com\/pt-pt\/wp-json\/wp\/v2\/pages\/5778\/revisions"}],"predecessor-version":[{"id":8228,"href":"https:\/\/socoolhostelporto.com\/pt-pt\/wp-json\/wp\/v2\/pages\/5778\/revisions\/8228"}],"wp:attachment":[{"href":"https:\/\/socoolhostelporto.com\/pt-pt\/wp-json\/wp\/v2\/media?parent=5778"}],"curies":[{"name":"wp","href":"https:\/\/api.w.org\/{rel}","templated":true}]}}