{"id":5851,"date":"2011-05-18T14:30:01","date_gmt":"2011-05-18T14:30:01","guid":{"rendered":"http:\/\/socoolhostelporto.com\/contact-2\/"},"modified":"2020-11-16T19:03:44","modified_gmt":"2020-11-16T19:03:44","slug":"contactos","status":"publish","type":"page","link":"https:\/\/socoolhostelporto.com\/pt-pt\/contactos\/","title":{"rendered":"Contactos"},"content":{"rendered":"<div class=\"fusion-fullwidth fullwidth-box fusion-builder-row-1 fusion-flex-container nonhundred-percent-fullwidth non-hundred-percent-height-scrolling\" style=\"--awb-border-radius-top-left:0px;--awb-border-radius-top-right:0px;--awb-border-radius-bottom-right:0px;--awb-border-radius-bottom-left:0px;--awb-flex-wrap:wrap;\" ><div class=\"fusion-builder-row fusion-row fusion-flex-align-items-flex-start fusion-flex-content-wrap\" style=\"max-width:1248px;margin-left: calc(-4% \/ 2 );margin-right: calc(-4% \/ 2 );\"><div class=\"fusion-layout-column fusion_builder_column fusion-builder-column-0 fusion_builder_column_1_1 1_1 fusion-flex-column\" style=\"--awb-bg-size:cover;--awb-width-large:100%;--awb-margin-top-large:0px;--awb-spacing-right-large:1.92%;--awb-margin-bottom-large:0px;--awb-spacing-left-large:1.92%;--awb-width-medium:100%;--awb-spacing-right-medium:1.92%;--awb-spacing-left-medium:1.92%;--awb-width-small:100%;--awb-spacing-right-small:1.92%;--awb-spacing-left-small:1.92%;\"><div class=\"fusion-column-wrapper fusion-flex-justify-content-flex-start fusion-content-layout-column\"><\/div><\/div><div class=\"fusion-layout-column fusion_builder_column fusion-builder-column-1 fusion_builder_column_1_2 1_2 fusion-flex-column\" style=\"--awb-bg-size:cover;--awb-width-large:50%;--awb-margin-top-large:0px;--awb-spacing-right-large:3.84%;--awb-margin-bottom-large:20px;--awb-spacing-left-large:3.84%;--awb-width-medium:50%;--awb-order-medium:0;--awb-spacing-right-medium:3.84%;--awb-spacing-left-medium:3.84%;--awb-width-small:100%;--awb-order-small:0;--awb-spacing-right-small:1.92%;--awb-spacing-left-small:1.92%;\"><div class=\"fusion-column-wrapper fusion-column-has-shadow fusion-flex-justify-content-flex-start fusion-content-layout-column\"><div class=\"fusion-title title fusion-title-1 fusion-sep-none fusion-title-text fusion-title-size-three\" style=\"--awb-margin-top-small:10px;--awb-margin-right-small:0px;--awb-margin-bottom-small:10px;--awb-margin-left-small:0px;\"><h3 class=\"fusion-title-heading title-heading-left\" style=\"margin:0;\">Info:<\/h3><\/div><div class=\"fusion-text fusion-text-1\"><h5>So Cool Hostel Porto<\/h5>\n<pre><strong>Morada:<\/strong> \r\nRua da Boavista 783 4050-110 Porto<\/pre>\n<pre><strong>Telefone:<\/strong> \r\n00351-224928334<\/pre>\n<pre>URL: http:\/\/socoolhostelporto.com\r\nE-mail: info@socoolhostelporto.com<\/pre>\n<pre>Latitude: 41.156789\r\nLongitude: -8.622528<\/pre>\n<pre>GPS +41\u00b0 9' 24.4404\", -8\u00b0 37' 21.1008\"<\/pre>\n<h3>Informa\u00e7\u00e3o legal:<\/h3>\n<p>Em caso de lit\u00edgio o consumidor pode recorrer a uma Entidade de Resolu\u00e7\u00e3o Alternativa de Lit\u00edgios de consumo:<\/p>\n<pre><strong>CICAP<\/strong>\r\n<a title=\"CICAP\" href=\"http:\/\/www.cicap.pt\/\" target=\"_blank\" rel=\"noopener noreferrer\">www.cicap.pt<\/a><\/pre>\n<address>Mais informa\u00e7\u00f5es em Portal do Consumidor:<br \/>\n<a title=\"Portal do Consumidor\" href=\"http:\/\/www.consumidor.pt\/\" target=\"_blank\" rel=\"noopener noreferrer\">www.consumidor.pt<\/a><\/address>\n<\/div><\/div><\/div><div class=\"fusion-layout-column fusion_builder_column fusion-builder-column-2 fusion_builder_column_1_2 1_2 fusion-flex-column\" style=\"--awb-bg-size:cover;--awb-width-large:50%;--awb-margin-top-large:0px;--awb-spacing-right-large:3.84%;--awb-margin-bottom-large:20px;--awb-spacing-left-large:3.84%;--awb-width-medium:50%;--awb-order-medium:0;--awb-spacing-right-medium:3.84%;--awb-spacing-left-medium:3.84%;--awb-width-small:100%;--awb-order-small:0;--awb-spacing-right-small:1.92%;--awb-spacing-left-small:1.92%;\"><div class=\"fusion-column-wrapper fusion-column-has-shadow fusion-flex-justify-content-flex-start fusion-content-layout-column\"><div class=\"fusion-title title fusion-title-2 fusion-sep-none fusion-title-text fusion-title-size-three\" style=\"--awb-margin-top-small:10px;--awb-margin-right-small:0px;--awb-margin-bottom-small:10px;--awb-margin-left-small:0px;\"><h3 class=\"fusion-title-heading title-heading-left\" style=\"margin:0;\">Formul\u00e1rio de Contacto<\/h3><\/div>\n<div class=\"wpcf7 no-js\" id=\"wpcf7-f6114-o1\" lang=\"en-US\" dir=\"ltr\" data-wpcf7-id=\"6114\">\n<div class=\"screen-reader-response\"><p role=\"status\" aria-live=\"polite\" aria-atomic=\"true\"><\/p> <ul><\/ul><\/div>\n<form action=\"\/pt-pt\/wp-json\/wp\/v2\/pages\/5851#wpcf7-f6114-o1\" method=\"post\" class=\"wpcf7-form init\" aria-label=\"Contact form\" novalidate=\"novalidate\" data-status=\"init\">\n<fieldset class=\"hidden-fields-container\"><input type=\"hidden\" name=\"_wpcf7\" value=\"6114\" \/><input type=\"hidden\" name=\"_wpcf7_version\" value=\"6.1.5\" \/><input type=\"hidden\" name=\"_wpcf7_locale\" value=\"en_US\" \/><input type=\"hidden\" name=\"_wpcf7_unit_tag\" value=\"wpcf7-f6114-o1\" \/><input type=\"hidden\" name=\"_wpcf7_container_post\" value=\"0\" \/><input type=\"hidden\" name=\"_wpcf7_posted_data_hash\" value=\"\" \/><input type=\"hidden\" name=\"_wpcf7dtx_version\" value=\"5.0.5\" \/>\n<\/fieldset>\n<p>O seu nome (obrigat\u00f3rio)\n<\/p>\n<p><span class=\"wpcf7-form-control-wrap\" data-name=\"your-name\"><input size=\"40\" maxlength=\"400\" class=\"wpcf7-form-control wpcf7-text wpcf7-validates-as-required\" aria-required=\"true\" aria-invalid=\"false\" value=\"\" type=\"text\" name=\"your-name\" \/><\/span>\n<\/p>\n<p>O seu e-mail (obrigat\u00f3rio)\n<\/p>\n<p><span class=\"wpcf7-form-control-wrap\" data-name=\"your-email\"><input size=\"40\" maxlength=\"400\" class=\"wpcf7-form-control wpcf7-email wpcf7-validates-as-required wpcf7-text wpcf7-validates-as-email\" aria-required=\"true\" aria-invalid=\"false\" value=\"\" type=\"email\" name=\"your-email\" \/><\/span>\n<\/p>\n<p>Assunto\n<\/p>\n<p><span class=\"wpcf7-form-control-wrap\" data-name=\"your-subject\"><input size=\"40\" maxlength=\"400\" class=\"wpcf7-form-control wpcf7-text\" aria-invalid=\"false\" value=\"\" type=\"text\" name=\"your-subject\" \/><\/span>\n<\/p>\n<p>A sua mensagem\n<\/p>\n<p><span class=\"wpcf7-form-control-wrap\" data-name=\"your-message\"><textarea cols=\"40\" rows=\"10\" maxlength=\"2000\" class=\"wpcf7-form-control wpcf7-textarea\" aria-invalid=\"false\" name=\"your-message\"><\/textarea><\/span>\n<\/p>\n<p><input class=\"wpcf7-form-control wpcf7-submit has-spinner\" type=\"submit\" value=\"Enviar\" \/>\n<\/p><div class=\"fusion-alert alert custom alert-custom fusion-alert-center wpcf7-response-output awb-alert-native-link-color alert-dismissable awb-alert-close-boxed\" style=\"--awb-border-size:1px;--awb-border-top-left-radius:0px;--awb-border-top-right-radius:0px;--awb-border-bottom-left-radius:0px;--awb-border-bottom-right-radius:0px;\" role=\"alert\"><div class=\"fusion-alert-content-wrapper\"><span class=\"fusion-alert-content\"><\/span><\/div><button type=\"button\" class=\"close toggle-alert\" data-dismiss=\"alert\" aria-label=\"Close\">&times;<\/button><\/div>\n<\/form>\n<\/div>\n<\/div><\/div><\/div><\/div>\n","protected":false},"excerpt":{"rendered":"","protected":false},"author":1,"featured_media":0,"parent":0,"menu_order":50,"comment_status":"closed","ping_status":"closed","template":"","meta":{"footnotes":""},"class_list":["post-5851","page","type-page","status-publish","hentry"],"yoast_head":"<!-- This site is optimized with the Yoast SEO plugin v27.2 - https:\/\/yoast.com\/product\/yoast-seo-wordpress\/ -->\n<title>Contactos - So Cool Hostel Porto<\/title>\n<meta name=\"robots\" content=\"index, follow, max-snippet:-1, max-image-preview:large, max-video-preview:-1\" \/>\n<link rel=\"canonical\" href=\"https:\/\/socoolhostelporto.com\/pt-pt\/contactos\/\" \/>\n<meta property=\"og:locale\" content=\"pt_PT\" \/>\n<meta property=\"og:type\" content=\"article\" \/>\n<meta property=\"og:title\" content=\"Contactos - So Cool Hostel Porto\" \/>\n<meta property=\"og:url\" content=\"https:\/\/socoolhostelporto.com\/pt-pt\/contactos\/\" \/>\n<meta property=\"og:site_name\" content=\"So Cool Hostel Porto\" \/>\n<meta property=\"article:publisher\" content=\"https:\/\/www.facebook.com\/socoolhostelporto\" \/>\n<meta property=\"article:modified_time\" content=\"2020-11-16T19:03:44+00:00\" \/>\n<meta property=\"og:image\" content=\"https:\/\/socoolhostelporto.com\/wp-content\/uploads\/2023\/07\/logo_image.jpg\" \/>\n\t<meta property=\"og:image:width\" content=\"1200\" \/>\n\t<meta property=\"og:image:height\" content=\"675\" \/>\n\t<meta property=\"og:image:type\" content=\"image\/jpeg\" \/>\n<meta name=\"twitter:card\" content=\"summary_large_image\" \/>\n<meta name=\"twitter:site\" content=\"@socoolhostel\" \/>\n<meta name=\"twitter:label1\" content=\"Tempo estimado de leitura\" \/>\n\t<meta name=\"twitter:data1\" content=\"5 minutos\" \/>\n<script type=\"application\/ld+json\" class=\"yoast-schema-graph\">{\"@context\":\"https:\/\/schema.org\",\"@graph\":[{\"@type\":\"WebPage\",\"@id\":\"https:\/\/socoolhostelporto.com\/pt-pt\/contactos\/\",\"url\":\"https:\/\/socoolhostelporto.com\/pt-pt\/contactos\/\",\"name\":\"Contactos - So Cool Hostel Porto\",\"isPartOf\":{\"@id\":\"https:\/\/socoolhostelporto.com\/#website\"},\"datePublished\":\"2011-05-18T14:30:01+00:00\",\"dateModified\":\"2020-11-16T19:03:44+00:00\",\"breadcrumb\":{\"@id\":\"https:\/\/socoolhostelporto.com\/pt-pt\/contactos\/#breadcrumb\"},\"inLanguage\":\"pt-PT\",\"potentialAction\":[{\"@type\":\"ReadAction\",\"target\":[\"https:\/\/socoolhostelporto.com\/pt-pt\/contactos\/\"]}]},{\"@type\":\"BreadcrumbList\",\"@id\":\"https:\/\/socoolhostelporto.com\/pt-pt\/contactos\/#breadcrumb\",\"itemListElement\":[{\"@type\":\"ListItem\",\"position\":1,\"name\":\"Home\",\"item\":\"https:\/\/socoolhostelporto.com\/pt-pt\/\"},{\"@type\":\"ListItem\",\"position\":2,\"name\":\"Contactos\"}]},{\"@type\":\"WebSite\",\"@id\":\"https:\/\/socoolhostelporto.com\/#website\",\"url\":\"https:\/\/socoolhostelporto.com\/\",\"name\":\"So Cool Hostel Porto\",\"description\":\"O teu Hostel no Porto!\",\"publisher\":{\"@id\":\"https:\/\/socoolhostelporto.com\/#organization\"},\"alternateName\":\"Socoolhostel\",\"potentialAction\":[{\"@type\":\"SearchAction\",\"target\":{\"@type\":\"EntryPoint\",\"urlTemplate\":\"https:\/\/socoolhostelporto.com\/?s={search_term_string}\"},\"query-input\":{\"@type\":\"PropertyValueSpecification\",\"valueRequired\":true,\"valueName\":\"search_term_string\"}}],\"inLanguage\":\"pt-PT\"},{\"@type\":\"Organization\",\"@id\":\"https:\/\/socoolhostelporto.com\/#organization\",\"name\":\"So Cool Hostel Porto\",\"alternateName\":\"SoCoolHostel\",\"url\":\"https:\/\/socoolhostelporto.com\/\",\"logo\":{\"@type\":\"ImageObject\",\"inLanguage\":\"pt-PT\",\"@id\":\"https:\/\/socoolhostelporto.com\/#\/schema\/logo\/image\/\",\"url\":\"https:\/\/socoolhostelporto.com\/wp-content\/uploads\/socoolhostelporto.png\",\"contentUrl\":\"https:\/\/socoolhostelporto.com\/wp-content\/uploads\/socoolhostelporto.png\",\"width\":105,\"height\":92,\"caption\":\"So Cool Hostel Porto\"},\"image\":{\"@id\":\"https:\/\/socoolhostelporto.com\/#\/schema\/logo\/image\/\"},\"sameAs\":[\"https:\/\/www.facebook.com\/socoolhostelporto\",\"https:\/\/x.com\/socoolhostel\"]}]}<\/script>\n<!-- \/ Yoast SEO plugin. -->","yoast_head_json":{"title":"Contactos - So Cool Hostel Porto","robots":{"index":"index","follow":"follow","max-snippet":"max-snippet:-1","max-image-preview":"max-image-preview:large","max-video-preview":"max-video-preview:-1"},"canonical":"https:\/\/socoolhostelporto.com\/pt-pt\/contactos\/","og_locale":"pt_PT","og_type":"article","og_title":"Contactos - So Cool Hostel Porto","og_url":"https:\/\/socoolhostelporto.com\/pt-pt\/contactos\/","og_site_name":"So Cool Hostel Porto","article_publisher":"https:\/\/www.facebook.com\/socoolhostelporto","article_modified_time":"2020-11-16T19:03:44+00:00","og_image":[{"width":1200,"height":675,"url":"https:\/\/socoolhostelporto.com\/wp-content\/uploads\/2023\/07\/logo_image.jpg","type":"image\/jpeg"}],"twitter_card":"summary_large_image","twitter_site":"@socoolhostel","twitter_misc":{"Tempo estimado de leitura":"5 minutos"},"schema":{"@context":"https:\/\/schema.org","@graph":[{"@type":"WebPage","@id":"https:\/\/socoolhostelporto.com\/pt-pt\/contactos\/","url":"https:\/\/socoolhostelporto.com\/pt-pt\/contactos\/","name":"Contactos - So Cool Hostel Porto","isPartOf":{"@id":"https:\/\/socoolhostelporto.com\/#website"},"datePublished":"2011-05-18T14:30:01+00:00","dateModified":"2020-11-16T19:03:44+00:00","breadcrumb":{"@id":"https:\/\/socoolhostelporto.com\/pt-pt\/contactos\/#breadcrumb"},"inLanguage":"pt-PT","potentialAction":[{"@type":"ReadAction","target":["https:\/\/socoolhostelporto.com\/pt-pt\/contactos\/"]}]},{"@type":"BreadcrumbList","@id":"https:\/\/socoolhostelporto.com\/pt-pt\/contactos\/#breadcrumb","itemListElement":[{"@type":"ListItem","position":1,"name":"Home","item":"https:\/\/socoolhostelporto.com\/pt-pt\/"},{"@type":"ListItem","position":2,"name":"Contactos"}]},{"@type":"WebSite","@id":"https:\/\/socoolhostelporto.com\/#website","url":"https:\/\/socoolhostelporto.com\/","name":"So Cool Hostel Porto","description":"O teu Hostel no Porto!","publisher":{"@id":"https:\/\/socoolhostelporto.com\/#organization"},"alternateName":"Socoolhostel","potentialAction":[{"@type":"SearchAction","target":{"@type":"EntryPoint","urlTemplate":"https:\/\/socoolhostelporto.com\/?s={search_term_string}"},"query-input":{"@type":"PropertyValueSpecification","valueRequired":true,"valueName":"search_term_string"}}],"inLanguage":"pt-PT"},{"@type":"Organization","@id":"https:\/\/socoolhostelporto.com\/#organization","name":"So Cool Hostel Porto","alternateName":"SoCoolHostel","url":"https:\/\/socoolhostelporto.com\/","logo":{"@type":"ImageObject","inLanguage":"pt-PT","@id":"https:\/\/socoolhostelporto.com\/#\/schema\/logo\/image\/","url":"https:\/\/socoolhostelporto.com\/wp-content\/uploads\/socoolhostelporto.png","contentUrl":"https:\/\/socoolhostelporto.com\/wp-content\/uploads\/socoolhostelporto.png","width":105,"height":92,"caption":"So Cool Hostel Porto"},"image":{"@id":"https:\/\/socoolhostelporto.com\/#\/schema\/logo\/image\/"},"sameAs":["https:\/\/www.facebook.com\/socoolhostelporto","https:\/\/x.com\/socoolhostel"]}]}},"_links":{"self":[{"href":"https:\/\/socoolhostelporto.com\/pt-pt\/wp-json\/wp\/v2\/pages\/5851","targetHints":{"allow":["GET"]}}],"collection":[{"href":"https:\/\/socoolhostelporto.com\/pt-pt\/wp-json\/wp\/v2\/pages"}],"about":[{"href":"https:\/\/socoolhostelporto.com\/pt-pt\/wp-json\/wp\/v2\/types\/page"}],"author":[{"embeddable":true,"href":"https:\/\/socoolhostelporto.com\/pt-pt\/wp-json\/wp\/v2\/users\/1"}],"replies":[{"embeddable":true,"href":"https:\/\/socoolhostelporto.com\/pt-pt\/wp-json\/wp\/v2\/comments?post=5851"}],"version-history":[{"count":29,"href":"https:\/\/socoolhostelporto.com\/pt-pt\/wp-json\/wp\/v2\/pages\/5851\/revisions"}],"predecessor-version":[{"id":7528,"href":"https:\/\/socoolhostelporto.com\/pt-pt\/wp-json\/wp\/v2\/pages\/5851\/revisions\/7528"}],"wp:attachment":[{"href":"https:\/\/socoolhostelporto.com\/pt-pt\/wp-json\/wp\/v2\/media?parent=5851"}],"curies":[{"name":"wp","href":"https:\/\/api.w.org\/{rel}","templated":true}]}}