{"id":7244,"date":"2013-12-13T15:55:43","date_gmt":"2013-12-13T15:55:43","guid":{"rendered":"http:\/\/socoolhostelporto.com\/erasmus-special-rates-2014-2\/"},"modified":"2021-02-19T17:42:38","modified_gmt":"2021-02-19T17:42:38","slug":"estudantes-precos-especiais","status":"publish","type":"page","link":"https:\/\/socoolhostelporto.com\/pt-pt\/estudantes-precos-especiais\/","title":{"rendered":"Estudantes Pre\u00e7os Especiais"},"content":{"rendered":"<div class=\"fusion-fullwidth fullwidth-box fusion-builder-row-1 fusion-flex-container nonhundred-percent-fullwidth non-hundred-percent-height-scrolling\" style=\"--awb-border-radius-top-left:0px;--awb-border-radius-top-right:0px;--awb-border-radius-bottom-right:0px;--awb-border-radius-bottom-left:0px;--awb-flex-wrap:wrap;\" ><div class=\"fusion-builder-row fusion-row fusion-flex-align-items-flex-start fusion-flex-content-wrap\" style=\"max-width:1248px;margin-left: calc(-4% \/ 2 );margin-right: calc(-4% \/ 2 );\"><div class=\"fusion-layout-column fusion_builder_column fusion-builder-column-0 fusion_builder_column_1_1 1_1 fusion-flex-column\" style=\"--awb-bg-size:cover;--awb-width-large:100%;--awb-margin-top-large:0px;--awb-spacing-right-large:1.92%;--awb-margin-bottom-large:0px;--awb-spacing-left-large:1.92%;--awb-width-medium:100%;--awb-spacing-right-medium:1.92%;--awb-spacing-left-medium:1.92%;--awb-width-small:100%;--awb-spacing-right-small:1.92%;--awb-spacing-left-small:1.92%;\"><div class=\"fusion-column-wrapper fusion-flex-justify-content-flex-start fusion-content-layout-column\"><div class=\"fusion-text fusion-text-1\"><h2>Tarifas especiais para estadias de longa dura\u00e7\u00e3o para estudantes no Porto!<\/h2>\n<h3>Estudantes Pre\u00e7os Especiais.<\/h3>\n<p>O melhor alojamento para si, novas <a title=\"Veja as nossas Instala\u00e7\u00f5es! - So Cool Hostel Porto\" href=\"http:\/\/socoolhostelporto.com\/pt-pt\/instalacoes\/\">instala\u00e7\u00f5es<\/a>, ambiente simp\u00e1tico e <a title=\"Camas e dormit\u00f3rios confort\u00e1veis na cidade do Porto - So Cool Hostel Porto\" href=\"http:\/\/socoolhostelporto.com\/pt-pt\/quartos\/\">camas confort\u00e1veis<\/a>.<br \/>\nExcelente Localiza\u00e7\u00e3o! <a title=\"Localiza\u00e7\u00e3o - So Cool Hostel Porto\" href=\"http:\/\/socoolhostelporto.com\/pt-pt\/localizacao\/\">Perto da Universidade do Porto.<\/a>.<\/p>\n<p>Contacte-nos por e-mail:<br \/>\n<a title=\"Contacte-nos - So Cool Hostel Porto\" href=\"mailto:info@socoolhostelporto.com\">info@socoolhostelporto.com<\/a><\/p>\n<\/div><\/div><\/div><\/div><\/div>\n","protected":false},"excerpt":{"rendered":"","protected":false},"author":1,"featured_media":7616,"parent":0,"menu_order":0,"comment_status":"closed","ping_status":"open","template":"","meta":{"footnotes":""},"class_list":["post-7244","page","type-page","status-publish","has-post-thumbnail","hentry"],"yoast_head":"<!-- This site is optimized with the Yoast SEO plugin v27.2 - https:\/\/yoast.com\/product\/yoast-seo-wordpress\/ -->\n<title>Estudantes Pre\u00e7os Especiais - So Cool Hostel Porto<\/title>\n<meta name=\"description\" content=\"Pre\u00e7os especiais para estadias de longa dura\u00e7\u00e3o para estudantes no Porto. Excelente Localiza\u00e7\u00e3o! Perto da Universidade do Porto.\" \/>\n<meta name=\"robots\" content=\"index, follow, max-snippet:-1, max-image-preview:large, max-video-preview:-1\" \/>\n<link rel=\"canonical\" href=\"https:\/\/socoolhostelporto.com\/pt-pt\/estudantes-precos-especiais\/\" \/>\n<meta property=\"og:locale\" content=\"pt_PT\" \/>\n<meta property=\"og:type\" content=\"article\" \/>\n<meta property=\"og:title\" content=\"Estudantes Pre\u00e7os Especiais - So Cool Hostel Porto\" \/>\n<meta property=\"og:description\" content=\"Special rates for long term stays for Erasmus students in Porto. Exelent location! Close to University of Porto. Your best accommodation in Porto.\" \/>\n<meta property=\"og:url\" content=\"https:\/\/socoolhostelporto.com\/pt-pt\/estudantes-precos-especiais\/\" \/>\n<meta property=\"og:site_name\" content=\"So Cool Hostel Porto\" \/>\n<meta property=\"article:publisher\" content=\"https:\/\/www.facebook.com\/socoolhostelporto\" \/>\n<meta property=\"article:modified_time\" content=\"2021-02-19T17:42:38+00:00\" \/>\n<meta property=\"og:image\" content=\"https:\/\/socoolhostelporto.com\/wp-content\/uploads\/2013\/12\/So-Cool-Hostel-students-2020.jpg\" \/>\n\t<meta property=\"og:image:width\" content=\"640\" \/>\n\t<meta property=\"og:image:height\" content=\"400\" \/>\n\t<meta property=\"og:image:type\" content=\"image\/jpeg\" \/>\n<meta name=\"twitter:card\" content=\"summary_large_image\" \/>\n<meta name=\"twitter:site\" content=\"@socoolhostel\" \/>\n<meta name=\"twitter:label1\" content=\"Tempo estimado de leitura\" \/>\n\t<meta name=\"twitter:data1\" content=\"1 minuto\" \/>\n<script type=\"application\/ld+json\" class=\"yoast-schema-graph\">{\"@context\":\"https:\/\/schema.org\",\"@graph\":[{\"@type\":\"WebPage\",\"@id\":\"https:\/\/socoolhostelporto.com\/pt-pt\/estudantes-precos-especiais\/\",\"url\":\"https:\/\/socoolhostelporto.com\/pt-pt\/estudantes-precos-especiais\/\",\"name\":\"Estudantes Pre\u00e7os Especiais - So Cool Hostel Porto\",\"isPartOf\":{\"@id\":\"https:\/\/socoolhostelporto.com\/#website\"},\"primaryImageOfPage\":{\"@id\":\"https:\/\/socoolhostelporto.com\/pt-pt\/estudantes-precos-especiais\/#primaryimage\"},\"image\":{\"@id\":\"https:\/\/socoolhostelporto.com\/pt-pt\/estudantes-precos-especiais\/#primaryimage\"},\"thumbnailUrl\":\"https:\/\/socoolhostelporto.com\/wp-content\/uploads\/2013\/12\/So-Cool-Hostel-students-2020.jpg\",\"datePublished\":\"2013-12-13T15:55:43+00:00\",\"dateModified\":\"2021-02-19T17:42:38+00:00\",\"description\":\"Pre\u00e7os especiais para estadias de longa dura\u00e7\u00e3o para estudantes no Porto. Excelente Localiza\u00e7\u00e3o! Perto da Universidade do Porto.\",\"breadcrumb\":{\"@id\":\"https:\/\/socoolhostelporto.com\/pt-pt\/estudantes-precos-especiais\/#breadcrumb\"},\"inLanguage\":\"pt-PT\",\"potentialAction\":[{\"@type\":\"ReadAction\",\"target\":[\"https:\/\/socoolhostelporto.com\/pt-pt\/estudantes-precos-especiais\/\"]}]},{\"@type\":\"ImageObject\",\"inLanguage\":\"pt-PT\",\"@id\":\"https:\/\/socoolhostelporto.com\/pt-pt\/estudantes-precos-especiais\/#primaryimage\",\"url\":\"https:\/\/socoolhostelporto.com\/wp-content\/uploads\/2013\/12\/So-Cool-Hostel-students-2020.jpg\",\"contentUrl\":\"https:\/\/socoolhostelporto.com\/wp-content\/uploads\/2013\/12\/So-Cool-Hostel-students-2020.jpg\",\"width\":640,\"height\":400,\"caption\":\"So Cool Hostel students 2020\"},{\"@type\":\"BreadcrumbList\",\"@id\":\"https:\/\/socoolhostelporto.com\/pt-pt\/estudantes-precos-especiais\/#breadcrumb\",\"itemListElement\":[{\"@type\":\"ListItem\",\"position\":1,\"name\":\"Home\",\"item\":\"https:\/\/socoolhostelporto.com\/pt-pt\/\"},{\"@type\":\"ListItem\",\"position\":2,\"name\":\"Estudantes Pre\u00e7os Especiais\"}]},{\"@type\":\"WebSite\",\"@id\":\"https:\/\/socoolhostelporto.com\/#website\",\"url\":\"https:\/\/socoolhostelporto.com\/\",\"name\":\"So Cool Hostel Porto\",\"description\":\"O teu Hostel no Porto!\",\"publisher\":{\"@id\":\"https:\/\/socoolhostelporto.com\/#organization\"},\"alternateName\":\"Socoolhostel\",\"potentialAction\":[{\"@type\":\"SearchAction\",\"target\":{\"@type\":\"EntryPoint\",\"urlTemplate\":\"https:\/\/socoolhostelporto.com\/?s={search_term_string}\"},\"query-input\":{\"@type\":\"PropertyValueSpecification\",\"valueRequired\":true,\"valueName\":\"search_term_string\"}}],\"inLanguage\":\"pt-PT\"},{\"@type\":\"Organization\",\"@id\":\"https:\/\/socoolhostelporto.com\/#organization\",\"name\":\"So Cool Hostel Porto\",\"alternateName\":\"SoCoolHostel\",\"url\":\"https:\/\/socoolhostelporto.com\/\",\"logo\":{\"@type\":\"ImageObject\",\"inLanguage\":\"pt-PT\",\"@id\":\"https:\/\/socoolhostelporto.com\/#\/schema\/logo\/image\/\",\"url\":\"https:\/\/socoolhostelporto.com\/wp-content\/uploads\/socoolhostelporto.png\",\"contentUrl\":\"https:\/\/socoolhostelporto.com\/wp-content\/uploads\/socoolhostelporto.png\",\"width\":105,\"height\":92,\"caption\":\"So Cool Hostel Porto\"},\"image\":{\"@id\":\"https:\/\/socoolhostelporto.com\/#\/schema\/logo\/image\/\"},\"sameAs\":[\"https:\/\/www.facebook.com\/socoolhostelporto\",\"https:\/\/x.com\/socoolhostel\"]}]}<\/script>\n<!-- \/ Yoast SEO plugin. -->","yoast_head_json":{"title":"Estudantes Pre\u00e7os Especiais - So Cool Hostel Porto","description":"Pre\u00e7os especiais para estadias de longa dura\u00e7\u00e3o para estudantes no Porto. Excelente Localiza\u00e7\u00e3o! Perto da Universidade do Porto.","robots":{"index":"index","follow":"follow","max-snippet":"max-snippet:-1","max-image-preview":"max-image-preview:large","max-video-preview":"max-video-preview:-1"},"canonical":"https:\/\/socoolhostelporto.com\/pt-pt\/estudantes-precos-especiais\/","og_locale":"pt_PT","og_type":"article","og_title":"Estudantes Pre\u00e7os Especiais - So Cool Hostel Porto","og_description":"Special rates for long term stays for Erasmus students in Porto. Exelent location! Close to University of Porto. Your best accommodation in Porto.","og_url":"https:\/\/socoolhostelporto.com\/pt-pt\/estudantes-precos-especiais\/","og_site_name":"So Cool Hostel Porto","article_publisher":"https:\/\/www.facebook.com\/socoolhostelporto","article_modified_time":"2021-02-19T17:42:38+00:00","og_image":[{"width":640,"height":400,"url":"https:\/\/socoolhostelporto.com\/wp-content\/uploads\/2013\/12\/So-Cool-Hostel-students-2020.jpg","type":"image\/jpeg"}],"twitter_card":"summary_large_image","twitter_site":"@socoolhostel","twitter_misc":{"Tempo estimado de leitura":"1 minuto"},"schema":{"@context":"https:\/\/schema.org","@graph":[{"@type":"WebPage","@id":"https:\/\/socoolhostelporto.com\/pt-pt\/estudantes-precos-especiais\/","url":"https:\/\/socoolhostelporto.com\/pt-pt\/estudantes-precos-especiais\/","name":"Estudantes Pre\u00e7os Especiais - So Cool Hostel Porto","isPartOf":{"@id":"https:\/\/socoolhostelporto.com\/#website"},"primaryImageOfPage":{"@id":"https:\/\/socoolhostelporto.com\/pt-pt\/estudantes-precos-especiais\/#primaryimage"},"image":{"@id":"https:\/\/socoolhostelporto.com\/pt-pt\/estudantes-precos-especiais\/#primaryimage"},"thumbnailUrl":"https:\/\/socoolhostelporto.com\/wp-content\/uploads\/2013\/12\/So-Cool-Hostel-students-2020.jpg","datePublished":"2013-12-13T15:55:43+00:00","dateModified":"2021-02-19T17:42:38+00:00","description":"Pre\u00e7os especiais para estadias de longa dura\u00e7\u00e3o para estudantes no Porto. Excelente Localiza\u00e7\u00e3o! Perto da Universidade do Porto.","breadcrumb":{"@id":"https:\/\/socoolhostelporto.com\/pt-pt\/estudantes-precos-especiais\/#breadcrumb"},"inLanguage":"pt-PT","potentialAction":[{"@type":"ReadAction","target":["https:\/\/socoolhostelporto.com\/pt-pt\/estudantes-precos-especiais\/"]}]},{"@type":"ImageObject","inLanguage":"pt-PT","@id":"https:\/\/socoolhostelporto.com\/pt-pt\/estudantes-precos-especiais\/#primaryimage","url":"https:\/\/socoolhostelporto.com\/wp-content\/uploads\/2013\/12\/So-Cool-Hostel-students-2020.jpg","contentUrl":"https:\/\/socoolhostelporto.com\/wp-content\/uploads\/2013\/12\/So-Cool-Hostel-students-2020.jpg","width":640,"height":400,"caption":"So Cool Hostel students 2020"},{"@type":"BreadcrumbList","@id":"https:\/\/socoolhostelporto.com\/pt-pt\/estudantes-precos-especiais\/#breadcrumb","itemListElement":[{"@type":"ListItem","position":1,"name":"Home","item":"https:\/\/socoolhostelporto.com\/pt-pt\/"},{"@type":"ListItem","position":2,"name":"Estudantes Pre\u00e7os Especiais"}]},{"@type":"WebSite","@id":"https:\/\/socoolhostelporto.com\/#website","url":"https:\/\/socoolhostelporto.com\/","name":"So Cool Hostel Porto","description":"O teu Hostel no Porto!","publisher":{"@id":"https:\/\/socoolhostelporto.com\/#organization"},"alternateName":"Socoolhostel","potentialAction":[{"@type":"SearchAction","target":{"@type":"EntryPoint","urlTemplate":"https:\/\/socoolhostelporto.com\/?s={search_term_string}"},"query-input":{"@type":"PropertyValueSpecification","valueRequired":true,"valueName":"search_term_string"}}],"inLanguage":"pt-PT"},{"@type":"Organization","@id":"https:\/\/socoolhostelporto.com\/#organization","name":"So Cool Hostel Porto","alternateName":"SoCoolHostel","url":"https:\/\/socoolhostelporto.com\/","logo":{"@type":"ImageObject","inLanguage":"pt-PT","@id":"https:\/\/socoolhostelporto.com\/#\/schema\/logo\/image\/","url":"https:\/\/socoolhostelporto.com\/wp-content\/uploads\/socoolhostelporto.png","contentUrl":"https:\/\/socoolhostelporto.com\/wp-content\/uploads\/socoolhostelporto.png","width":105,"height":92,"caption":"So Cool Hostel Porto"},"image":{"@id":"https:\/\/socoolhostelporto.com\/#\/schema\/logo\/image\/"},"sameAs":["https:\/\/www.facebook.com\/socoolhostelporto","https:\/\/x.com\/socoolhostel"]}]}},"_links":{"self":[{"href":"https:\/\/socoolhostelporto.com\/pt-pt\/wp-json\/wp\/v2\/pages\/7244","targetHints":{"allow":["GET"]}}],"collection":[{"href":"https:\/\/socoolhostelporto.com\/pt-pt\/wp-json\/wp\/v2\/pages"}],"about":[{"href":"https:\/\/socoolhostelporto.com\/pt-pt\/wp-json\/wp\/v2\/types\/page"}],"author":[{"embeddable":true,"href":"https:\/\/socoolhostelporto.com\/pt-pt\/wp-json\/wp\/v2\/users\/1"}],"replies":[{"embeddable":true,"href":"https:\/\/socoolhostelporto.com\/pt-pt\/wp-json\/wp\/v2\/comments?post=7244"}],"version-history":[{"count":5,"href":"https:\/\/socoolhostelporto.com\/pt-pt\/wp-json\/wp\/v2\/pages\/7244\/revisions"}],"predecessor-version":[{"id":8352,"href":"https:\/\/socoolhostelporto.com\/pt-pt\/wp-json\/wp\/v2\/pages\/7244\/revisions\/8352"}],"wp:featuredmedia":[{"embeddable":true,"href":"https:\/\/socoolhostelporto.com\/pt-pt\/wp-json\/wp\/v2\/media\/7616"}],"wp:attachment":[{"href":"https:\/\/socoolhostelporto.com\/pt-pt\/wp-json\/wp\/v2\/media?parent=7244"}],"curies":[{"name":"wp","href":"https:\/\/api.w.org\/{rel}","templated":true}]}}